{"id":788,"date":"2025-08-22T13:27:34","date_gmt":"2025-08-22T05:27:34","guid":{"rendered":"https:\/\/mostebglass.com\/?post_type=product&#038;p=788"},"modified":"2026-03-18T11:38:33","modified_gmt":"2026-03-18T03:38:33","slug":"hanging-empty-car-diffuser-bottles-with-wood-lids-wholesale","status":"publish","type":"product","link":"https:\/\/mostebglass.com\/tr\/hanging-empty-car-diffuser-bottles-with-wood-lids-wholesale\/","title":{"rendered":"10 ml Ah\u015fap Kapakl\u0131 As\u0131labilir Bo\u015f Ara\u00e7 Kokusu \u015ei\u015feleri Toptan Sat\u0131\u015f"},"content":{"rendered":"<p>Arabalar i\u00e7in \u00f6zel olarak tasarlanan bu asma dif\u00fcz\u00f6r \u015fi\u015feleri, herkesin favorisi haline geldi. Yumu\u015fak, yuvarlak \u00e7an \u015fekli, p\u00fcr\u00fczs\u00fcz k\u0131vr\u0131mlar ve keskin k\u00f6\u015feler sunmaz. Yumu\u015fak, mat bir y\u00fczeye sahip y\u00fcksek kaliteli camdan \u00fcretilmi\u015ftir. Buzlu y\u00fczeyi ona haval\u0131 bir zarafet katar ve kalitesi elinizde apa\u00e7\u0131k hissedilir.<\/p>\n<h2>\u00dcr\u00fcn \u00d6zellikleri<\/h2>\n<ul>\n<li><strong>\u00c7an \u015feklindeki zarafet:<\/strong> P\u00fcr\u00fczs\u00fcz, yuvarlak cam def\u00fcz\u00f6r l\u00fcks bir aura yayarken, donuk-hareketsiz y\u00fczeyi \u0131\u015f\u0131\u011f\u0131 nazik\u00e7e yans\u0131t\u0131r.<\/li>\n<li><strong>Sinirli doku:<\/strong> Buzlu cam, defuser s\u0131n\u0131f\u0131n\u0131n bir dokunu\u015funu ortaya koyuyor ve leke tutmaz, neredeyse parmak izi b\u0131rakmaz bir his veriyor.<\/li>\n<li><strong>Kompakt ve Hafif:<\/strong> 10 ml kapasitesiyle, kolayca s\u0131k\u0131\u015ft\u0131r\u0131l\u0131p ta\u015f\u0131nabilir veya as\u0131labilir, yerden tasarruf sa\u011flar.<\/li>\n<\/ul>\n<h2>Ba\u015far\u0131 \u00d6rne\u011fi<\/h2>\n<p>10 ml&#039;lik k\u00fc\u00e7\u00fck yuvarlak \u015fi\u015fedeki ara\u00e7 parf\u00fcm\u00fcm\u00fcz, Almanya merkezli bir otomotiv ya\u015fam tarz\u0131 markas\u0131 taraf\u0131ndan se\u00e7ildi. Ki\u015fiselle\u015ftirme a\u015famas\u0131nda, m\u00fc\u015fteri farkl\u0131 parf\u00fcm versiyonlar\u0131 aras\u0131nda uyum sa\u011flamak ve farkl\u0131l\u0131k yaratmak i\u00e7in kehribar, pembe, mavi ve \u015feffaf gibi renk se\u00e7eneklerini tercih etti. Ayr\u0131ca, asma ipi, \u0131s\u0131 yal\u0131t\u0131ml\u0131 u\u00e7lara sahip d\u00fcz, \u00f6rg\u00fcl\u00fc deri bir kemerle de\u011fi\u015ftirildi; ve son olarak, m\u00fc\u015fteri, markan\u0131n kurumsal logosu yerine sembolik bir simge kullanarak \u015fi\u015fe kapa\u011f\u0131n\u0131n \u00fcst\u00fcne mikro kabartma tekni\u011fi eklemeye karar verdi.<\/p>\n<p>Piyasaya s\u00fcr\u00fcld\u00fckten sonra, \u00fcr\u00fcn serisi ilk iki ayda \u00e7evrimi\u00e7i sat\u0131\u015flarda &#039;l\u00fck bir art\u0131\u015f kaydetti. Sadece dokuz ay i\u00e7inde m\u00fc\u015fteri art arda be\u015f kez sipari\u015f verdi.<\/p>\n<h2>\u00d6zelle\u015ftirme mi ar\u0131yorsunuz? Buradan ba\u015flay\u0131n<\/h2>\n<ul>\n<li>\u015ei\u015fe Rengi: Mat \u015feffaf \u015fi\u015feden siyah, ada\u00e7ay\u0131 ye\u015fili, lacivert veya \u00f6zel bir renk paletine ge\u00e7in. Mat renkler, dif\u00fcz\u00f6r\u00fcn\u00fcz\u00fcn g\u00f6r\u00fcn\u00fcm\u00fcn\u00fc an\u0131nda de\u011fi\u015ftirir.<\/li>\n<li>\u015ei\u015fe \u015fekli: Elmas, g\u00f6zya\u015f\u0131 ve alt\u0131gen (\u0131\u015f\u0131\u011f\u0131n yans\u0131mas\u0131n\u0131 art\u0131rmak i\u00e7in) gibi geometrik kesimler.<\/li>\n<li>Boyut se\u00e7ene\u011fi: 10 ml idealdir, ancak numune setleri veya uzun s\u00fcreli kullan\u0131m i\u00e7in 8 ml veya 12 ml&#039;ye kadar olan boyutlara da uyum sa\u011flayabiliriz.<\/li>\n<li>Logo ve marka olu\u015fturma: Marka hat\u0131rlanabilirli\u011fini g\u00fc\u00e7lendirmek i\u00e7in logonuzu ambalajlara bast\u0131r\u0131n veya \u00f6zel bir tatil versiyonu olu\u015fturun.<\/li>\n<li>Doris ve boncuklar: Markan\u0131z\u0131n renkleriyle uyumlu. Cesur bir g\u00f6r\u00fcn\u00fcm i\u00e7in organik pamuk, geri d\u00f6n\u00fc\u015ft\u00fcr\u00fclm\u00fc\u015f iplikler veya hatta deri kordonlar kullan\u0131n.<\/li>\n<\/ul>","protected":false},"excerpt":{"rendered":"<p>Toptan birinci s\u0131n\u0131f asma dif\u00fcz\u00f6r \u015fi\u015feleri ve bo\u015f ara\u00e7 dif\u00fcz\u00f6r \u015fi\u015feleri. Rekabet\u00e7i fiyatlar, h\u0131zl\u0131 teslimat ve kalite g\u00fcvencesi i\u00e7in hemen sipari\u015f verin.<\/p>","protected":false},"featured_media":4801,"template":"","meta":{"site-sidebar-layout":"default","site-content-layout":"","ast-site-content-layout":"default","site-content-style":"default","site-sidebar-style":"default","ast-global-header-display":"","ast-banner-title-visibility":"","ast-main-header-display":"","ast-hfb-above-header-display":"","ast-hfb-below-header-display":"","ast-hfb-mobile-header-display":"","site-post-title":"","ast-breadcrumbs-content":"","ast-featured-img":"","footer-sml-layout":"","theme-transparent-header-meta":"default","adv-header-id-meta":"","stick-header-meta":"","header-above-stick-meta":"","header-main-stick-meta":"","header-below-stick-meta":"","astra-migrate-meta-layouts":"set","ast-page-background-enabled":"default","ast-page-background-meta":{"desktop":{"background-color":"var(--ast-global-color-5)","background-image":"","background-repeat":"repeat","background-position":"center center","background-size":"auto","background-attachment":"scroll","background-type":"","background-media":"","overlay-type":"","overlay-color":"","overlay-opacity":"","overlay-gradient":""},"tablet":{"background-color":"","background-image":"","background-repeat":"repeat","background-position":"center center","background-size":"auto","background-attachment":"scroll","background-type":"","background-media":"","overlay-type":"","overlay-color":"","overlay-opacity":"","overlay-gradient":""},"mobile":{"background-color":"","background-image":"","background-repeat":"repeat","background-position":"center center","background-size":"auto","background-attachment":"scroll","background-type":"","background-media":"","overlay-type":"","overlay-color":"","overlay-opacity":"","overlay-gradient":""}},"ast-content-background-meta":{"desktop":{"background-color":"var(--ast-global-color-4)","background-image":"","background-repeat":"repeat","background-position":"center center","background-size":"auto","background-attachment":"scroll","background-type":"","background-media":"","overlay-type":"","overlay-color":"","overlay-opacity":"","overlay-gradient":""},"tablet":{"background-color":"var(--ast-global-color-4)","background-image":"","background-repeat":"repeat","background-position":"center center","background-size":"auto","background-attachment":"scroll","background-type":"","background-media":"","overlay-type":"","overlay-color":"","overlay-opacity":"","overlay-gradient":""},"mobile":{"background-color":"var(--ast-global-color-4)","background-image":"","background-repeat":"repeat","background-position":"center center","background-size":"auto","background-attachment":"scroll","background-type":"","background-media":"","overlay-type":"","overlay-color":"","overlay-opacity":"","overlay-gradient":""}}},"product_brand":[],"product_cat":[54],"product_tag":[],"class_list":{"0":"post-788","1":"product","2":"type-product","3":"status-publish","4":"has-post-thumbnail","6":"product_cat-reed-diffuser-bottles","7":"desktop-align-left","8":"tablet-align-left","9":"mobile-align-left","11":"first","12":"instock","13":"shipping-taxable","14":"product-type-simple"},"jetpack_sharing_enabled":true,"_links":{"self":[{"href":"https:\/\/mostebglass.com\/tr\/wp-json\/wp\/v2\/product\/788","targetHints":{"allow":["GET"]}}],"collection":[{"href":"https:\/\/mostebglass.com\/tr\/wp-json\/wp\/v2\/product"}],"about":[{"href":"https:\/\/mostebglass.com\/tr\/wp-json\/wp\/v2\/types\/product"}],"wp:featuredmedia":[{"embeddable":true,"href":"https:\/\/mostebglass.com\/tr\/wp-json\/wp\/v2\/media\/4801"}],"wp:attachment":[{"href":"https:\/\/mostebglass.com\/tr\/wp-json\/wp\/v2\/media?parent=788"}],"wp:term":[{"taxonomy":"product_brand","embeddable":true,"href":"https:\/\/mostebglass.com\/tr\/wp-json\/wp\/v2\/product_brand?post=788"},{"taxonomy":"product_cat","embeddable":true,"href":"https:\/\/mostebglass.com\/tr\/wp-json\/wp\/v2\/product_cat?post=788"},{"taxonomy":"product_tag","embeddable":true,"href":"https:\/\/mostebglass.com\/tr\/wp-json\/wp\/v2\/product_tag?post=788"}],"curies":[{"name":"wp","href":"https:\/\/api.w.org\/{rel}","templated":true}]}}