{"id":805,"date":"2025-08-22T17:00:16","date_gmt":"2025-08-22T09:00:16","guid":{"rendered":"https:\/\/mostebglass.com\/?post_type=product&#038;p=805"},"modified":"2026-03-16T16:09:15","modified_gmt":"2026-03-16T08:09:15","slug":"diffuser-glass-bottle-with-diamond-pattern-bulk","status":"publish","type":"product","link":"https:\/\/mostebglass.com\/tr\/diffuser-glass-bottle-with-diamond-pattern-bulk\/","title":{"rendered":"200 ml Elmas Desenli Cam Dif\u00fcz\u00f6r \u015ei\u015fesi (Toptan Sat\u0131\u015f)"},"content":{"rendered":"<p>Sofistike bir dif\u00fcz\u00f6r cam \u015fi\u015fe mi ar\u0131yorsunuz? Bu \u015feffaf cam \u015fi\u015fe, \u015f\u0131k ve yuvarlak bir tasar\u0131ma sahiptir. Zarif bir elmas deseniyle s\u00fcslenmi\u015ftir ve dar bir boyuna sahiptir. T\u00fcm aromaterapi ihtiya\u00e7lar\u0131n\u0131z\u0131 kar\u015f\u0131layacak kadar \u00e7ok y\u00f6nl\u00fcd\u00fcr ve kam\u0131\u015f dif\u00fcz\u00f6r veya di\u011fer b\u00fcy\u00fck dif\u00fcz\u00f6r \u015fi\u015feleri olarak m\u00fckemmeldir.<\/p>\n<h2>\u00dcr\u00fcn \u00d6zellikleri<\/h2>\n<ul>\n<li><strong>Klasik \u015eekil:<\/strong> \u015e\u0131k ve dar boynu, \u00e7e\u015fitli aromaterapi stillerini tamamlayan ve sergilendi\u011finde g\u00fczel g\u00f6r\u00fcnen \u015f\u0131k ve zarif bir \u015fekil yarat\u0131r.<\/li>\n<li><strong>Dokulu Elmas Tasar\u0131m\u0131:<\/strong> Elmas deseni, bu kam\u0131\u015f dif\u00fcz\u00f6rlerin rafta \u00f6ne \u00e7\u0131kmas\u0131n\u0131 sa\u011flayarak, sofistike bir dokunu\u015f kat\u0131yor.<\/li>\n<li><strong>Premium Cam:<\/strong> Y\u00fcksek kaliteli camdan \u00fcretilen bu dif\u00fcz\u00f6r \u015fi\u015feleri dayan\u0131kl\u0131 ve \u015f\u0131k olup, her t\u00fcrl\u00fc aromaterapi ambalaj\u0131na de\u011fer katar.<\/li>\n<\/ul>\n<h2>Ba\u015far\u0131 Hikayeleri<\/h2>\n<p>200 ml&#039;lik dif\u00fcz\u00f6r \u015fi\u015femiz, kristal dokulu tasar\u0131m\u0131 nedeniyle Frans\u0131z bir parf\u00fcm \u015firketi taraf\u0131ndan tercih edildi. \u015ei\u015fe, y\u00fcksek \u015feffafl\u0131kta camdan yap\u0131lm\u0131\u015f olup, \u0131\u015f\u0131k k\u0131r\u0131lmas\u0131n\u0131 en \u00fcst d\u00fczeye \u00e7\u0131karmak i\u00e7in tasarlanm\u0131\u015f derin, fasetli kabartma grav\u00fcr ile daha da inceltilmi\u015ftir. Alt\u0131n kaplama al\u00fcminyum bir yakaya sahip olup, siyah fiber dif\u00fcz\u00f6r \u00e7ubuklar\u0131yla birle\u015ftirilmi\u015ftir; ayr\u0131ca marka logosu \u015fi\u015fenin omuz k\u0131sm\u0131na beyaz renkte serigrafi bask\u0131 ile i\u015flenmi\u015ftir.<\/p>\n<p>\u00dcr\u00fcn resmi lansman\u0131ndan sonra sezon boyunca sat\u0131\u015flarda &#039;lik ola\u011fan\u00fcst\u00fc bir b\u00fcy\u00fcme kaydetti. Daha sonra, m\u00fc\u015fteri \u00fcr\u00fcn\u00fcn piyasaya s\u00fcr\u00fclmesinin ilk y\u0131l\u0131nda art arda be\u015f kez toplu sipari\u015f verdi.<\/p>\n<h2>\u00d6zelle\u015ftirmek mi \u0130stiyorsunuz? Ba\u015flamak \u0130\u00e7in Buraya T\u0131klay\u0131n<\/h2>\n<ul>\n<li>Renk Oyunu: \u015eeffaf renkten siyaha, maviye veya \u00f6zel tonlara ge\u00e7in.<\/li>\n<li>T\u0131pa Stilleri: Ah\u015fap, metal veya bambu aras\u0131ndan se\u00e7im yap\u0131n; her biri farkl\u0131 bir hava verir.<\/li>\n<li>Boyut De\u011fi\u015fiklikleri: 200 ml&#039;lik model herkesin favorisi olsa da, \u00e7e\u015fitlilik sunmak i\u00e7in toplu olarak kapasiteleri ayarlayabilirsiniz; seyahat boyu setler i\u00e7in 100 ml veya daha b\u00fcy\u00fck ev kullan\u0131m\u0131 i\u00e7in 300 ml. Dif\u00fcz\u00f6r malzemelerinizi daha fazla satmak i\u00e7in bunlar\u0131 bir koleksiyon olarak e\u015fle\u015ftirin.<\/li>\n<\/ul>\n<p>Bu b\u00fcy\u00fck dif\u00fcz\u00f6r \u015fi\u015feleri sadece i\u015flevsel de\u011fil, ayn\u0131 zamanda markan\u0131z\u0131n ilk izlenimidir.<\/p>","protected":false},"excerpt":{"rendered":"<p>Toptan sat\u0131\u015f i\u00e7in toplu dif\u00fcz\u00f6r \u015fi\u015feleri ve dif\u00fcz\u00f6r cam \u015fi\u015feler. \u0130\u015fletmeniz i\u00e7in birinci s\u0131n\u0131f kalite, \u00f6zelle\u015ftirilebilir, toplu al\u0131m indirimleri mevcuttur.<\/p>","protected":false},"featured_media":4786,"template":"","meta":{"site-sidebar-layout":"default","site-content-layout":"","ast-site-content-layout":"default","site-content-style":"default","site-sidebar-style":"default","ast-global-header-display":"","ast-banner-title-visibility":"","ast-main-header-display":"","ast-hfb-above-header-display":"","ast-hfb-below-header-display":"","ast-hfb-mobile-header-display":"","site-post-title":"","ast-breadcrumbs-content":"","ast-featured-img":"","footer-sml-layout":"","theme-transparent-header-meta":"default","adv-header-id-meta":"","stick-header-meta":"","header-above-stick-meta":"","header-main-stick-meta":"","header-below-stick-meta":"","astra-migrate-meta-layouts":"set","ast-page-background-enabled":"default","ast-page-background-meta":{"desktop":{"background-color":"var(--ast-global-color-5)","background-image":"","background-repeat":"repeat","background-position":"center center","background-size":"auto","background-attachment":"scroll","background-type":"","background-media":"","overlay-type":"","overlay-color":"","overlay-opacity":"","overlay-gradient":""},"tablet":{"background-color":"","background-image":"","background-repeat":"repeat","background-position":"center center","background-size":"auto","background-attachment":"scroll","background-type":"","background-media":"","overlay-type":"","overlay-color":"","overlay-opacity":"","overlay-gradient":""},"mobile":{"background-color":"","background-image":"","background-repeat":"repeat","background-position":"center center","background-size":"auto","background-attachment":"scroll","background-type":"","background-media":"","overlay-type":"","overlay-color":"","overlay-opacity":"","overlay-gradient":""}},"ast-content-background-meta":{"desktop":{"background-color":"var(--ast-global-color-4)","background-image":"","background-repeat":"repeat","background-position":"center center","background-size":"auto","background-attachment":"scroll","background-type":"","background-media":"","overlay-type":"","overlay-color":"","overlay-opacity":"","overlay-gradient":""},"tablet":{"background-color":"var(--ast-global-color-4)","background-image":"","background-repeat":"repeat","background-position":"center center","background-size":"auto","background-attachment":"scroll","background-type":"","background-media":"","overlay-type":"","overlay-color":"","overlay-opacity":"","overlay-gradient":""},"mobile":{"background-color":"var(--ast-global-color-4)","background-image":"","background-repeat":"repeat","background-position":"center center","background-size":"auto","background-attachment":"scroll","background-type":"","background-media":"","overlay-type":"","overlay-color":"","overlay-opacity":"","overlay-gradient":""}}},"product_brand":[],"product_cat":[54],"product_tag":[],"class_list":{"0":"post-805","1":"product","2":"type-product","3":"status-publish","4":"has-post-thumbnail","6":"product_cat-reed-diffuser-bottles","7":"desktop-align-left","8":"tablet-align-left","9":"mobile-align-left","11":"first","12":"instock","13":"shipping-taxable","14":"product-type-simple"},"jetpack_sharing_enabled":true,"_links":{"self":[{"href":"https:\/\/mostebglass.com\/tr\/wp-json\/wp\/v2\/product\/805","targetHints":{"allow":["GET"]}}],"collection":[{"href":"https:\/\/mostebglass.com\/tr\/wp-json\/wp\/v2\/product"}],"about":[{"href":"https:\/\/mostebglass.com\/tr\/wp-json\/wp\/v2\/types\/product"}],"wp:featuredmedia":[{"embeddable":true,"href":"https:\/\/mostebglass.com\/tr\/wp-json\/wp\/v2\/media\/4786"}],"wp:attachment":[{"href":"https:\/\/mostebglass.com\/tr\/wp-json\/wp\/v2\/media?parent=805"}],"wp:term":[{"taxonomy":"product_brand","embeddable":true,"href":"https:\/\/mostebglass.com\/tr\/wp-json\/wp\/v2\/product_brand?post=805"},{"taxonomy":"product_cat","embeddable":true,"href":"https:\/\/mostebglass.com\/tr\/wp-json\/wp\/v2\/product_cat?post=805"},{"taxonomy":"product_tag","embeddable":true,"href":"https:\/\/mostebglass.com\/tr\/wp-json\/wp\/v2\/product_tag?post=805"}],"curies":[{"name":"wp","href":"https:\/\/api.w.org\/{rel}","templated":true}]}}