{"id":823,"date":"2025-08-25T08:40:08","date_gmt":"2025-08-25T00:40:08","guid":{"rendered":"https:\/\/mostebglass.com\/?post_type=product&#038;p=823"},"modified":"2026-03-06T17:54:45","modified_gmt":"2026-03-06T09:54:45","slug":"oluklu-dokme-seffaf-koku-cam-difuzor-siseleri","status":"publish","type":"product","link":"https:\/\/mostebglass.com\/tr\/bulk-clear-fragrance-glass-diffuser-bottles-with-grooves\/","title":{"rendered":"Toplu 110 ml - 130 ml Oluklu \u015eeffaf Parf\u00fcm Cam Dif\u00fcz\u00f6r \u015ei\u015feleri"},"content":{"rendered":"<p>En \u00e7ok satan bir sonraki \u015feffaf cam dif\u00fcz\u00f6r \u015fi\u015fenizle tan\u0131\u015f\u0131n: Dikey olarak uzanan narin oluklu dokusuyla \u015f\u0131k, silindirik \u015feffaf cam \u015fi\u015fe. Dar boynu ve di\u015fli a\u011fz\u0131, t\u0131palar ve kam\u0131\u015f dif\u00fcz\u00f6r kapaklar\u0131 i\u00e7in g\u00fcvenli bir uyum sa\u011flar. \u0130ster yeni bir seri i\u00e7in malzeme ar\u0131yor olun, ister dif\u00fcz\u00f6r malzemeleri koleksiyonunuza yenilerini ekliyor olun, bu koku dif\u00fcz\u00f6r \u015fi\u015feleri hem bir amaca hizmet ediyor hem de harika g\u00f6r\u00fcn\u00fcyor.<\/p>\n<h2>\u00dcr\u00fcn \u00d6zellikleri<\/h2>\n<ul>\n<li><strong>Premium Berrakl\u0131k ve Parlakl\u0131k:<\/strong> \u015eeffaf cam dif\u00fcz\u00f6r \u015fi\u015felerimiz, kristal berrakl\u0131\u011f\u0131ndaki berrakl\u0131\u011f\u0131 ve y\u00fcksek parlakl\u0131ktaki biti\u015fiyle kokunuzun \u00e7ok net bir \u015fekilde g\u00f6r\u00fcnmesini sa\u011flar.<\/li>\n<li><strong>Dokulu Tutu\u015f ve \u015e\u0131k G\u00f6r\u00fcn\u00fcm:<\/strong> The vertical grooves of the bottle serve a purpose, and that is tactile appeal and helps the consumer hold the scent diffuser with sticks.w<\/li>\n<li><strong>Basit \u015fekil:<\/strong> dar bo\u011fazl\u0131, silindirik hatlara sahip, temiz ve p\u00fcr\u00fczs\u00fcz \u00e7izgilere sahip, \u00e7e\u015fitli ev stillerine uygun, yerle\u015ftirildi\u011finde yerinden oynamayacak bir \u00fcr\u00fcnd\u00fcr.<\/li>\n<\/ul>\n<h2>Ger\u00e7ek Ba\u015far\u0131, Ger\u00e7ek Sonu\u00e7lar<\/h2>\n<p>Bir marka, 130 ml'lik boyutuyla lavanta ve vanilya aromal\u0131 yeni bir dif\u00fcz\u00f6r serisi piyasaya s\u00fcrd\u00fc. F\u0131r\u00e7alanm\u0131\u015f alt\u0131n rengi al\u00fcminyum kapakl\u0131 ve do\u011fal rattanl\u0131, yumu\u015fak mat siyah lake cam bir \u015fi\u015fe se\u00e7tiler. \u015ei\u015fenin \u00f6n y\u00fcz\u00fcnde zarif bir serigrafi bask\u0131 logosu yer al\u0131yor. \u00dc\u00e7 ay i\u00e7inde, dif\u00fcz\u00f6r serisi iki b\u00fcy\u00fck butik zincirde t\u00fckendi. Sebebi mi? \u015ei\u015felerin birinci s\u0131n\u0131f ve kaliteli g\u00f6r\u00fcnmesi. Perakendeciler, m\u00fc\u015fterilerin \u00f6nce bunlar\u0131 tercih etti\u011fini s\u00f6yl\u00fcyor; cam\u0131n dokusu ve berrakl\u0131\u011f\u0131 sayesinde.<\/p>\n<h2>Bu Cam Dif\u00fcz\u00f6r \u015ei\u015feleri Nas\u0131l \u00d6zelle\u015ftirilir?<\/h2>\n<p>Bu dif\u00fcz\u00f6r\u00fc sizin i\u00e7in tasarlayal\u0131m. \u0130\u015fte nas\u0131l:<\/p>\n<ul>\n<li>Renk E\u015fle\u015ftirme: Klasik bir dif\u00fcz\u00f6r veya cesur bir renk \u015femas\u0131 aras\u0131ndan se\u00e7im yap\u0131n. \u00d6zel renkler (duman, ada\u00e7ay\u0131, kehribar, degrade vb.) ve mat\/saten kaplamalar sunuyoruz.<\/li>\n<li>T\u0131pa E\u015fle\u015ftirmesi: Sahte ah\u015fap desenli re\u00e7ine, al\u00fcminyum, bambu veya ger\u00e7ek ah\u015fap rattan kapaklar aras\u0131ndan se\u00e7im yap\u0131n. L\u00fcks bir dokunu\u015f mu ar\u0131yorsunuz? Manyetik bir kapak eklenebilir.<\/li>\n<li>Esnek Boyutlar: Standart boyutlar 110ml ve 130ml&#039;dir, ancak toplu toptan sipari\u015fler i\u00e7in ayarlanabilir boyutlar da sunuyoruz.<\/li>\n<li>Markal\u0131 dif\u00fcz\u00f6r camlar\u0131n\u0131za ipek bask\u0131 veya kabartma yoluyla logonuzu ekleyin.<\/li>\n<li>Paketleme: S\u00fcrd\u00fcr\u00fclebilir markalar i\u00e7in ideal olan geri d\u00f6n\u00fc\u015ft\u00fcr\u00fclm\u00fc\u015f kartonlar ve biyolojik olarak par\u00e7alanabilir ambalajlar dahil olmak \u00fczere \u00e7evre dostu aromaterapi paketleme se\u00e7enekleri sunuyoruz.<\/li>\n<\/ul>\n<p>Bunlar sadece aromaterapi kaplar\u0131 de\u011fil; ayn\u0131 zamanda marka yarat\u0131c\u0131lar\u0131. Bizden toptan koku dif\u00fcz\u00f6r \u015fi\u015feleri sat\u0131n ald\u0131\u011f\u0131n\u0131zda, sadece cam \u015fi\u015felerden fazlas\u0131n\u0131 elde edersiniz; bir tasar\u0131m orta\u011f\u0131na da sahip olursunuz.<\/p>","protected":false},"excerpt":{"rendered":"<p>Toptan cam dif\u00fcz\u00f6r \u015fi\u015feleri ve koku dif\u00fcz\u00f6r \u015fi\u015feleri. Fabrikadan do\u011frudan, \u00f6zelle\u015ftirilebilir tasar\u0131mlar, parf\u00fcm markalar\u0131 i\u00e7in \u00fccretsiz numunelerle toplu tedarik.<\/p>","protected":false},"featured_media":4652,"template":"","meta":{"site-sidebar-layout":"default","site-content-layout":"","ast-site-content-layout":"default","site-content-style":"default","site-sidebar-style":"default","ast-global-header-display":"","ast-banner-title-visibility":"","ast-main-header-display":"","ast-hfb-above-header-display":"","ast-hfb-below-header-display":"","ast-hfb-mobile-header-display":"","site-post-title":"","ast-breadcrumbs-content":"","ast-featured-img":"","footer-sml-layout":"","theme-transparent-header-meta":"default","adv-header-id-meta":"","stick-header-meta":"","header-above-stick-meta":"","header-main-stick-meta":"","header-below-stick-meta":"","astra-migrate-meta-layouts":"set","ast-page-background-enabled":"default","ast-page-background-meta":{"desktop":{"background-color":"var(--ast-global-color-5)","background-image":"","background-repeat":"repeat","background-position":"center center","background-size":"auto","background-attachment":"scroll","background-type":"","background-media":"","overlay-type":"","overlay-color":"","overlay-opacity":"","overlay-gradient":""},"tablet":{"background-color":"","background-image":"","background-repeat":"repeat","background-position":"center center","background-size":"auto","background-attachment":"scroll","background-type":"","background-media":"","overlay-type":"","overlay-color":"","overlay-opacity":"","overlay-gradient":""},"mobile":{"background-color":"","background-image":"","background-repeat":"repeat","background-position":"center center","background-size":"auto","background-attachment":"scroll","background-type":"","background-media":"","overlay-type":"","overlay-color":"","overlay-opacity":"","overlay-gradient":""}},"ast-content-background-meta":{"desktop":{"background-color":"var(--ast-global-color-4)","background-image":"","background-repeat":"repeat","background-position":"center center","background-size":"auto","background-attachment":"scroll","background-type":"","background-media":"","overlay-type":"","overlay-color":"","overlay-opacity":"","overlay-gradient":""},"tablet":{"background-color":"var(--ast-global-color-4)","background-image":"","background-repeat":"repeat","background-position":"center center","background-size":"auto","background-attachment":"scroll","background-type":"","background-media":"","overlay-type":"","overlay-color":"","overlay-opacity":"","overlay-gradient":""},"mobile":{"background-color":"var(--ast-global-color-4)","background-image":"","background-repeat":"repeat","background-position":"center center","background-size":"auto","background-attachment":"scroll","background-type":"","background-media":"","overlay-type":"","overlay-color":"","overlay-opacity":"","overlay-gradient":""}}},"product_brand":[],"product_cat":[54],"product_tag":[],"class_list":{"0":"post-823","1":"product","2":"type-product","3":"status-publish","4":"has-post-thumbnail","6":"product_cat-reed-diffuser-bottles","7":"desktop-align-left","8":"tablet-align-left","9":"mobile-align-left","11":"first","12":"instock","13":"shipping-taxable","14":"product-type-simple"},"jetpack_sharing_enabled":true,"_links":{"self":[{"href":"https:\/\/mostebglass.com\/tr\/wp-json\/wp\/v2\/product\/823","targetHints":{"allow":["GET"]}}],"collection":[{"href":"https:\/\/mostebglass.com\/tr\/wp-json\/wp\/v2\/product"}],"about":[{"href":"https:\/\/mostebglass.com\/tr\/wp-json\/wp\/v2\/types\/product"}],"wp:featuredmedia":[{"embeddable":true,"href":"https:\/\/mostebglass.com\/tr\/wp-json\/wp\/v2\/media\/4652"}],"wp:attachment":[{"href":"https:\/\/mostebglass.com\/tr\/wp-json\/wp\/v2\/media?parent=823"}],"wp:term":[{"taxonomy":"product_brand","embeddable":true,"href":"https:\/\/mostebglass.com\/tr\/wp-json\/wp\/v2\/product_brand?post=823"},{"taxonomy":"product_cat","embeddable":true,"href":"https:\/\/mostebglass.com\/tr\/wp-json\/wp\/v2\/product_cat?post=823"},{"taxonomy":"product_tag","embeddable":true,"href":"https:\/\/mostebglass.com\/tr\/wp-json\/wp\/v2\/product_tag?post=823"}],"curies":[{"name":"wp","href":"https:\/\/api.w.org\/{rel}","templated":true}]}}