{"id":841,"date":"2025-08-25T17:35:42","date_gmt":"2025-08-25T09:35:42","guid":{"rendered":"https:\/\/mostebglass.com\/?post_type=product&#038;p=841"},"modified":"2026-03-02T17:23:30","modified_gmt":"2026-03-02T09:23:30","slug":"double-ended-tall-candle-holders-with-lantern-design-bulk","status":"publish","type":"product","link":"https:\/\/mostebglass.com\/tr\/double-ended-tall-candle-holders-with-lantern-design-bulk\/","title":{"rendered":"Fener Tasar\u0131ml\u0131 \u00c7ift U\u00e7lu Uzun Mumluklar (Toptan Sat\u0131\u015f)"},"content":{"rendered":"<p>Bu iki i\u015flevli uzun cam mumluk, mumun boyutuna ba\u011fl\u0131 olarak her iki taraf\u0131nda da kullan\u0131lan \u00f6zel bir fener tasar\u0131m\u0131na sahiptir. Y\u00fcksek \u015feffafl\u0131\u011fa sahip \u015feffaf camdan yap\u0131lm\u0131\u015f olup, simetrik detaylarla g\u00fczel bir nerv\u00fcrl\u00fc dokuya sahiptir. \u00dcst k\u0131sm\u0131 yuvarlak ve daha geni\u015f bir g\u00f6vdeye sahip olup dikey oluklarla s\u00fcslenmi\u015ftir, di\u011fer ucu ise benzer dokulu tasar\u0131mlara sahip daha ince ve yap\u0131land\u0131r\u0131lm\u0131\u015f bir u\u00e7tur. Dengeli sil\u00fceti ve p\u00fcr\u00fczs\u00fcz kabartmal\u0131 y\u00fczeyiyle vintage ve modern bir g\u00f6r\u00fcn\u00fcm olu\u015fturmaktad\u0131r.<\/p>\n<h2>\u00dcr\u00fcn \u00d6zellikleri<\/h2>\n<ul>\n<li><strong>\u00c7ift Tarafl\u0131, Ters \u00c7evrilebilir Tasar\u0131m:<\/strong> Bu tasar\u0131mda bir tarafa ince mumlar, di\u011fer tarafa ise tealight mumlar veya k\u00fc\u00e7\u00fck s\u00fctun mumlar yerle\u015ftirilir.<\/li>\n<li><strong>Simetrik Kum Saati Sil\u00fceti:<\/strong> Y\u00f6n de\u011fi\u015ftirme \u00f6zelli\u011fi: Kum saati \u015feklindeki g\u00f6vde simetriktir, bu da g\u00f6rsel uyumu ve ters \u00e7evrilme durumunda dengesiz konumland\u0131rmay\u0131 garanti eder.<\/li>\n<li><strong>Her iki ucunda geni\u015f ve sa\u011flam kenar:<\/strong> Mumlar\u0131n devrilme ihtimalini ortadan kald\u0131racak \u015fekilde tasarlanm\u0131\u015ft\u0131r.<\/li>\n<\/ul>\n<h2>Temel \u00d6zellikler<\/h2>\n<table style=\"border-collapse: collapse; width: 80%; margin-left: auto; margin-right: auto;\" border=\"0\" width=\"144\" cellspacing=\"0\" cellpadding=\"0\">\n<tbody>\n<tr style=\"height: 13.50pt;\">\n<td style=\"height: 13.5pt; width: 54pt; text-align: center;\" width=\"72\" height=\"18\">\u00d6zellik<\/td>\n<td style=\"width: 54pt; text-align: center;\" width=\"72\">Detaylar<\/td>\n<\/tr>\n<tr style=\"height: 13.50pt;\">\n<td style=\"height: 13.5pt; text-align: center;\" height=\"18\">Boyutlar<\/td>\n<td style=\"text-align: center;\">79\/52*4*6 mm<\/td>\n<\/tr>\n<tr style=\"height: 13.50pt;\">\n<td style=\"height: 13.5pt; text-align: center;\" height=\"18\">Malzeme<\/td>\n<td style=\"text-align: center;\">Kristal cam<\/td>\n<\/tr>\n<tr style=\"height: 13.50pt;\">\n<td style=\"height: 13.5pt; text-align: center;\" height=\"18\">Renk Se\u00e7enekleri<\/td>\n<td style=\"text-align: center;\">\u015eeffaf veya \u00f6zelle\u015ftirilmi\u015f<\/td>\n<\/tr>\n<\/tbody>\n<\/table>\n<h2>Ba\u015far\u0131 \u00d6rne\u011fi<\/h2>\n<p>Ev dekorasyonu butik markalar\u0131ndan biri, yumu\u015fak dumanl\u0131 gri tonunda ve incelen ucuna elektrolizle kaplanm\u0131\u015f alt\u0131n rengi bir s\u00fcslemeyle iki ba\u015fl\u0131 cam \u015famdanlar\u0131m\u0131z\u0131 tercih etti. Marka imaj\u0131n\u0131 g\u00fc\u00e7lendirmek i\u00e7in, daha k\u00fc\u00e7\u00fck olan taban\u0131n alt k\u0131sm\u0131na kendi logolar\u0131n\u0131 lazerle i\u015flediler.<\/p>\n<p>Marka, ki\u015fiye \u00f6zel versiyonun piyasaya s\u00fcr\u00fclmesinin ard\u0131ndan ortalama sipari\u015f de\u011ferinde &#039;lik bir b\u00fcy\u00fcme ya\u015fad\u0131 ve bu da iki \u00e7eyrek i\u00e7inde miktar baz\u0131nda sat\u0131n al\u0131mlarda &#039;lik bir art\u0131\u015fa yol a\u00e7t\u0131.<\/p>\n<h2>Sizin \u0130\u00e7in \u00d6zelle\u015ftirme Fikirleri<\/h2>\n<ol>\n<li><strong>\u00c7i\u00e7ek Dokusu \u00c7e\u015fitleri:<\/strong> Uzun mumlu\u011fa buzlu dokular\u0131n farkl\u0131 d\u00f6nen versiyonlar\u0131n\u0131 ekleyerek, l\u00fcks mumunuzu ay\u0131rt edecek benzersiz bir \u0131\u015f\u0131k yay\u0131l\u0131m\u0131 yarat\u0131n.<\/li>\n<li><strong>Metal detayl\u0131 tabanlar:<\/strong> Toptan mum kavanozlar\u0131ndaki mum kaplar\u0131n\u0131 ki\u015fiselle\u015ftirmek i\u00e7in tabana alt\u0131n veya g\u00fcm\u00fc\u015f kaplama kullan\u0131n ve kaliteli l\u00fcks bir mum kab\u0131 elde edin.<\/li>\n<li><strong>Mini kapak etiketleri:<\/strong> Toplu mum paketleri \u00fcretirken kolay markalama i\u00e7in kapa\u011f\u0131n i\u00e7ine \u00e7\u0131kar\u0131labilir yap\u0131\u015fkanl\u0131 etiketler ekleyin!<\/li>\n<\/ol>","protected":false},"excerpt":{"rendered":"<p>Zarif, \u00e7ift u\u00e7lu, uzun mumluklar, fener tasar\u0131m\u0131yla dikkat \u00e7ekiyor. Konik ve tealight mumlar i\u00e7in uygundur, d\u00fc\u011f\u00fcnler ve yemek masalar\u0131 i\u00e7in idealdir. Fabrikadan do\u011frudan g\u00f6nderim.<\/p>","protected":false},"featured_media":4559,"template":"","meta":{"site-sidebar-layout":"default","site-content-layout":"","ast-site-content-layout":"default","site-content-style":"default","site-sidebar-style":"default","ast-global-header-display":"","ast-banner-title-visibility":"","ast-main-header-display":"","ast-hfb-above-header-display":"","ast-hfb-below-header-display":"","ast-hfb-mobile-header-display":"","site-post-title":"","ast-breadcrumbs-content":"","ast-featured-img":"","footer-sml-layout":"","theme-transparent-header-meta":"default","adv-header-id-meta":"","stick-header-meta":"","header-above-stick-meta":"","header-main-stick-meta":"","header-below-stick-meta":"","astra-migrate-meta-layouts":"set","ast-page-background-enabled":"default","ast-page-background-meta":{"desktop":{"background-color":"var(--ast-global-color-5)","background-image":"","background-repeat":"repeat","background-position":"center center","background-size":"auto","background-attachment":"scroll","background-type":"","background-media":"","overlay-type":"","overlay-color":"","overlay-opacity":"","overlay-gradient":""},"tablet":{"background-color":"","background-image":"","background-repeat":"repeat","background-position":"center center","background-size":"auto","background-attachment":"scroll","background-type":"","background-media":"","overlay-type":"","overlay-color":"","overlay-opacity":"","overlay-gradient":""},"mobile":{"background-color":"","background-image":"","background-repeat":"repeat","background-position":"center center","background-size":"auto","background-attachment":"scroll","background-type":"","background-media":"","overlay-type":"","overlay-color":"","overlay-opacity":"","overlay-gradient":""}},"ast-content-background-meta":{"desktop":{"background-color":"var(--ast-global-color-4)","background-image":"","background-repeat":"repeat","background-position":"center center","background-size":"auto","background-attachment":"scroll","background-type":"","background-media":"","overlay-type":"","overlay-color":"","overlay-opacity":"","overlay-gradient":""},"tablet":{"background-color":"var(--ast-global-color-4)","background-image":"","background-repeat":"repeat","background-position":"center center","background-size":"auto","background-attachment":"scroll","background-type":"","background-media":"","overlay-type":"","overlay-color":"","overlay-opacity":"","overlay-gradient":""},"mobile":{"background-color":"var(--ast-global-color-4)","background-image":"","background-repeat":"repeat","background-position":"center center","background-size":"auto","background-attachment":"scroll","background-type":"","background-media":"","overlay-type":"","overlay-color":"","overlay-opacity":"","overlay-gradient":""}}},"product_brand":[],"product_cat":[28,21],"product_tag":[],"class_list":{"0":"post-841","1":"product","2":"type-product","3":"status-publish","4":"has-post-thumbnail","6":"product_cat-glass-candle-jars","7":"product_cat-product","8":"desktop-align-left","9":"tablet-align-left","10":"mobile-align-left","12":"first","13":"instock","14":"shipping-taxable","15":"product-type-simple"},"jetpack_sharing_enabled":true,"_links":{"self":[{"href":"https:\/\/mostebglass.com\/tr\/wp-json\/wp\/v2\/product\/841","targetHints":{"allow":["GET"]}}],"collection":[{"href":"https:\/\/mostebglass.com\/tr\/wp-json\/wp\/v2\/product"}],"about":[{"href":"https:\/\/mostebglass.com\/tr\/wp-json\/wp\/v2\/types\/product"}],"wp:featuredmedia":[{"embeddable":true,"href":"https:\/\/mostebglass.com\/tr\/wp-json\/wp\/v2\/media\/4559"}],"wp:attachment":[{"href":"https:\/\/mostebglass.com\/tr\/wp-json\/wp\/v2\/media?parent=841"}],"wp:term":[{"taxonomy":"product_brand","embeddable":true,"href":"https:\/\/mostebglass.com\/tr\/wp-json\/wp\/v2\/product_brand?post=841"},{"taxonomy":"product_cat","embeddable":true,"href":"https:\/\/mostebglass.com\/tr\/wp-json\/wp\/v2\/product_cat?post=841"},{"taxonomy":"product_tag","embeddable":true,"href":"https:\/\/mostebglass.com\/tr\/wp-json\/wp\/v2\/product_tag?post=841"}],"curies":[{"name":"wp","href":"https:\/\/api.w.org\/{rel}","templated":true}]}}