{"id":870,"date":"2025-08-25T16:09:31","date_gmt":"2025-08-25T08:09:31","guid":{"rendered":"https:\/\/mostebglass.com\/?post_type=product&#038;p=870"},"modified":"2026-03-16T13:32:51","modified_gmt":"2026-03-16T05:32:51","slug":"square-aromatherapy-glass-bottles-with-flat-shape-bulk","status":"publish","type":"product","link":"https:\/\/mostebglass.com\/tr\/square-aromatherapy-glass-bottles-with-flat-shape-bulk\/","title":{"rendered":"100 ml Kare \u015eekilli D\u00fcz Aromaterapi Cam \u015ei\u015feler (Toptan Sat\u0131\u015f)"},"content":{"rendered":"<p><span aria-haspopup=\"dialog\" aria-expanded=\"false\" aria-controls=\"radix-_r_1m_\" data-state=\"closed\" data-slot=\"popover-trigger\">Kare \u015feklindeki kam\u0131\u015fl\u0131 oda kokusu \u015fi\u015fesi, minimalist, d\u00fcz bir tasar\u0131ma sahip olup temiz ve k\u00f6\u015feli hatlar\u0131yla her odaya modern bir g\u00f6r\u00fcn\u00fcm kazand\u0131r\u0131r.<\/span> <span aria-haspopup=\"dialog\" aria-expanded=\"false\" aria-controls=\"radix-_r_1n_\" data-state=\"closed\" data-slot=\"popover-trigger\">\u015eeffaf camdan g\u00f6r\u00fcnen koku s\u0131v\u0131s\u0131, siyah kam\u0131\u015f \u00e7ubuklarla g\u00fczel bir kontrast olu\u015fturuyor.<\/span> <span aria-haspopup=\"dialog\" aria-expanded=\"false\" aria-controls=\"radix-_r_1o_\" data-state=\"closed\" data-slot=\"popover-trigger\">Bu \u015f\u0131k dif\u00fcz\u00f6r \u015fi\u015fesini evinizi dekore etmek ve elbette odaya ho\u015f bir koku katmak i\u00e7in kullanabilirsiniz; aromaterapi veya ev kokusu i\u00e7in ideal bir kullan\u0131m \u015feklidir.<\/span><\/p>\n<h2>\u00dcr\u00fcn \u00d6zellikleri<\/h2>\n<ul>\n<li><strong>Modern Kare Tasar\u0131m:<\/strong> D\u00fcz g\u00f6vde markan\u0131za keskin ve modern bir hava katar.<\/li>\n<li><strong>Dayan\u0131kl\u0131 Cam:<\/strong> Kal\u0131n, y\u00fcksek berrakl\u0131ktaki cam k\u0131r\u0131lmaya dayan\u0131kl\u0131d\u0131r ve rafa ekstra sa\u011flaml\u0131k kazand\u0131r\u0131r.<\/li>\n<li><strong>D\u00fcz, Sabit Taban:<\/strong> \u015ei\u015fe devrilmez ve d\u00fcz durur, bu da kullan\u0131mda \u00e7ok y\u00f6nl\u00fcl\u00fck sa\u011flar.<\/li>\n<\/ul>\n<h2>Ger\u00e7ek Bir Ba\u015far\u0131 Hikayesi<\/h2>\n<p>Avustralya&#039;daki toptan m\u00fc\u015fterilerimizden biri, yeni bir do\u011fal ev kokular\u0131 serisi piyasaya s\u00fcr\u00fcyordu. Birinci s\u0131n\u0131f hissettiren ancak ayn\u0131 zamanda k\u0131r\u0131lgan olmayan kam\u0131\u015f dif\u00fcz\u00f6r \u015fi\u015felerine ihtiya\u00e7lar\u0131 vard\u0131. Topraks\u0131 markalar\u0131na uygun, yumu\u015fak kehribar renginde, \u00f6zel yap\u0131m 100 ml&#039;lik kare dif\u00fcz\u00f6r \u015fi\u015feleri tedarik ettik. Her \u015fi\u015feyi siyah ah\u015fap t\u0131pa ve do\u011fal rattan kam\u0131\u015flarla e\u015fle\u015ftirdiler. Sonu\u00e7? Perakendeciler g\u00f6r\u00fcn\u00fcm\u00fc be\u011fendi, m\u00fc\u015fteriler s\u0131zd\u0131rmaz performans\u0131n\u0131 \u00f6vd\u00fc ve stok yenileme sipari\u015fleri beklenenden daha h\u0131zl\u0131 geldi.<\/p>\n<h2>Sizinkini \u00d6zelle\u015ftirmek \u0130ster misiniz?<\/h2>\n<ul>\n<li><span aria-haspopup=\"dialog\" aria-expanded=\"false\" aria-controls=\"radix-_r_1p_\" data-state=\"closed\" data-slot=\"popover-trigger\"><strong>Kapaklar\u0131n Ki\u015fiselle\u015ftirilebilme \u0130mkan\u0131:<\/strong> Dif\u00fcz\u00f6r\u00fcn g\u00f6r\u00fcn\u00fcm\u00fcne daha fazla zarafet ve genel uyum sa\u011flamak i\u00e7in mat alt\u0131n, f\u0131r\u00e7alanm\u0131\u015f g\u00fcm\u00fc\u015f veya siyah gibi \u00e7e\u015fitli kapak kaplama se\u00e7enekleri de sunulmal\u0131d\u0131r.<\/span><\/li>\n<li><span aria-haspopup=\"dialog\" aria-expanded=\"false\" aria-controls=\"radix-_r_1q_\" data-state=\"closed\" data-slot=\"popover-trigger\"><strong>Ki\u015fiselle\u015ftirilmi\u015f Etiketleme:<\/strong> Markala\u015fma f\u0131rsatlar\u0131 ekleyin: \u015ei\u015felere \u00f6zel etiketler ekleme veya logo, mesaj veya ba\u015fka \u00f6zel bir tasar\u0131mla grav\u00fcr yapt\u0131rma olana\u011f\u0131 sunarak ki\u015fisel bir dokunu\u015f yarat\u0131n.<\/span><\/li>\n<li><span aria-haspopup=\"dialog\" aria-expanded=\"false\" aria-controls=\"radix-_r_1r_\" data-state=\"closed\" data-slot=\"popover-trigger\"><strong>Kam\u0131\u015f \u00c7ubuk \u00c7e\u015fitleri:<\/strong> M\u00fc\u015fterilere koku yay\u0131l\u0131m\u0131n\u0131n g\u00fcc\u00fcn\u00fc belirleme esnekli\u011fi sa\u011flamak i\u00e7in, do\u011fal ah\u015fap, rattan veya siyah kam\u0131\u015f gibi alternatif kam\u0131\u015f malzemeleri ve ayr\u0131ca farkl\u0131 uzunluklar sunuyoruz.<\/span><\/li>\n<\/ul>","protected":false},"excerpt":{"rendered":"<p>Toptan kare dif\u00fcz\u00f6r \u015fi\u015feleri ve aromaterapi cam \u015fi\u015feleri. Parf\u00fcm markalar\u0131 i\u00e7in \u00fccretsiz numunelerle birlikte birinci s\u0131n\u0131f kalite, \u00f6zelle\u015ftirilebilir, toplu tedarik.<\/p>","protected":false},"featured_media":4781,"template":"","meta":{"site-sidebar-layout":"default","site-content-layout":"","ast-site-content-layout":"default","site-content-style":"default","site-sidebar-style":"default","ast-global-header-display":"","ast-banner-title-visibility":"","ast-main-header-display":"","ast-hfb-above-header-display":"","ast-hfb-below-header-display":"","ast-hfb-mobile-header-display":"","site-post-title":"","ast-breadcrumbs-content":"","ast-featured-img":"","footer-sml-layout":"","theme-transparent-header-meta":"default","adv-header-id-meta":"","stick-header-meta":"","header-above-stick-meta":"","header-main-stick-meta":"","header-below-stick-meta":"","astra-migrate-meta-layouts":"set","ast-page-background-enabled":"default","ast-page-background-meta":{"desktop":{"background-color":"var(--ast-global-color-5)","background-image":"","background-repeat":"repeat","background-position":"center center","background-size":"auto","background-attachment":"scroll","background-type":"","background-media":"","overlay-type":"","overlay-color":"","overlay-opacity":"","overlay-gradient":""},"tablet":{"background-color":"","background-image":"","background-repeat":"repeat","background-position":"center center","background-size":"auto","background-attachment":"scroll","background-type":"","background-media":"","overlay-type":"","overlay-color":"","overlay-opacity":"","overlay-gradient":""},"mobile":{"background-color":"","background-image":"","background-repeat":"repeat","background-position":"center center","background-size":"auto","background-attachment":"scroll","background-type":"","background-media":"","overlay-type":"","overlay-color":"","overlay-opacity":"","overlay-gradient":""}},"ast-content-background-meta":{"desktop":{"background-color":"var(--ast-global-color-4)","background-image":"","background-repeat":"repeat","background-position":"center center","background-size":"auto","background-attachment":"scroll","background-type":"","background-media":"","overlay-type":"","overlay-color":"","overlay-opacity":"","overlay-gradient":""},"tablet":{"background-color":"var(--ast-global-color-4)","background-image":"","background-repeat":"repeat","background-position":"center center","background-size":"auto","background-attachment":"scroll","background-type":"","background-media":"","overlay-type":"","overlay-color":"","overlay-opacity":"","overlay-gradient":""},"mobile":{"background-color":"var(--ast-global-color-4)","background-image":"","background-repeat":"repeat","background-position":"center center","background-size":"auto","background-attachment":"scroll","background-type":"","background-media":"","overlay-type":"","overlay-color":"","overlay-opacity":"","overlay-gradient":""}}},"product_brand":[],"product_cat":[54],"product_tag":[],"class_list":{"0":"post-870","1":"product","2":"type-product","3":"status-publish","4":"has-post-thumbnail","6":"product_cat-reed-diffuser-bottles","7":"desktop-align-left","8":"tablet-align-left","9":"mobile-align-left","11":"first","12":"instock","13":"shipping-taxable","14":"product-type-simple"},"jetpack_sharing_enabled":true,"_links":{"self":[{"href":"https:\/\/mostebglass.com\/tr\/wp-json\/wp\/v2\/product\/870","targetHints":{"allow":["GET"]}}],"collection":[{"href":"https:\/\/mostebglass.com\/tr\/wp-json\/wp\/v2\/product"}],"about":[{"href":"https:\/\/mostebglass.com\/tr\/wp-json\/wp\/v2\/types\/product"}],"wp:featuredmedia":[{"embeddable":true,"href":"https:\/\/mostebglass.com\/tr\/wp-json\/wp\/v2\/media\/4781"}],"wp:attachment":[{"href":"https:\/\/mostebglass.com\/tr\/wp-json\/wp\/v2\/media?parent=870"}],"wp:term":[{"taxonomy":"product_brand","embeddable":true,"href":"https:\/\/mostebglass.com\/tr\/wp-json\/wp\/v2\/product_brand?post=870"},{"taxonomy":"product_cat","embeddable":true,"href":"https:\/\/mostebglass.com\/tr\/wp-json\/wp\/v2\/product_cat?post=870"},{"taxonomy":"product_tag","embeddable":true,"href":"https:\/\/mostebglass.com\/tr\/wp-json\/wp\/v2\/product_tag?post=870"}],"curies":[{"name":"wp","href":"https:\/\/api.w.org\/{rel}","templated":true}]}}