{"id":902,"date":"2025-08-26T10:39:41","date_gmt":"2025-08-26T02:39:41","guid":{"rendered":"https:\/\/mostebglass.com\/?post_type=product&#038;p=902"},"modified":"2026-03-25T14:46:49","modified_gmt":"2026-03-25T06:46:49","slug":"vintage-cut-glass-candle-holders-wholesale-candle-stick-holders","status":"publish","type":"product","link":"https:\/\/mostebglass.com\/tr\/vintage-cut-glass-candle-holders-wholesale-candle-stick-holders\/","title":{"rendered":"Antika Kesme Cam Mumluklar \u2013 Toptan Mumluklar"},"content":{"rendered":"<p>Bu vintage kesme cam mumluk serisi, zarif bir kaide sil\u00fceti ile karma\u015f\u0131k preslenmi\u015f desenleri bir araya getiriyor. Mumluk, elmas kesimler ve g\u00f6vde ile taban boyunca dikey oluklar da dahil olmak \u00fczere titizlikle i\u015flenmi\u015f dokulara sahip y\u00fcksek berrakl\u0131kta camdan yap\u0131lm\u0131\u015ft\u0131r ve prestijli bir \u0131\u015f\u0131k yans\u0131tma etkisi olu\u015fturur. Geni\u015f taban\u0131 (78 mm \u00e7ap) masa \u00fczerinde \u00e7ok sa\u011flam durmas\u0131n\u0131 sa\u011flarken, y\u00fcksek kenar\u0131 (100 mm) masadaki yiyecek d\u00fczenlemesine g\u00f6rsel hacim kazand\u0131r\u0131r. 35 mm&#039;lik a\u00e7\u0131kl\u0131k, normal mumlar\u0131 yerle\u015ftirmek i\u00e7in \u00f6zel bir boyutta kesilmi\u015ftir.<\/p>\n<h2>Ba\u015fvuru<\/h2>\n<p>Bu \u00e7ok y\u00f6nl\u00fc mumluklar, hem ince mumlar i\u00e7in mumluk hem de daha k\u00fc\u00e7\u00fck boyutlu mumlar i\u00e7in kompakt s\u00fctun mumluk olarak i\u015flev g\u00f6r\u00fcr. D\u00fc\u011f\u00fcnlerde, etkinlik dekorasyonunda, restoranlarda ve ev dekorasyon koleksiyonlar\u0131nda yayg\u0131n olarak kullan\u0131l\u0131rlar. B2B al\u0131c\u0131lar\u0131 i\u00e7in bu seri, zamans\u0131z, vintage esintili cam e\u015fyalar arayan kiralama \u015firketleri, otelcilik gruplar\u0131 ve perakende markalar\u0131 i\u00e7in g\u00fc\u00e7l\u00fc ticari de\u011fer sunmaktad\u0131r. \u015eeffaf y\u00fczey ayr\u0131ca, \u00f6zel etiket programlar\u0131 i\u00e7in renk kaplama veya marka bask\u0131s\u0131 gibi \u00f6zelle\u015ftirmeleri de destekler.<\/p>\n<h2>Temel \u00d6zellikler<\/h2>\n<table style=\"border-collapse: collapse; width: 80%; margin-left: auto; margin-right: auto;\" border=\"0\" width=\"144\" cellspacing=\"0\" cellpadding=\"0\">\n<tbody>\n<tr style=\"height: 13.50pt;\">\n<td style=\"height: 13.50pt; width: 54.00pt;\" width=\"72\" height=\"18\">Malzeme<\/td>\n<td style=\"width: 54.00pt;\" width=\"72\">Y\u00fcksek beyazl\u0131kta soda-kire\u00e7 cam\u0131<\/td>\n<\/tr>\n<tr style=\"height: 13.50pt;\">\n<td style=\"height: 13.50pt;\" height=\"18\">A\u011f\u0131rl\u0131k<\/td>\n<td>164 gr<\/td>\n<\/tr>\n<tr style=\"height: 13.50pt;\">\n<td style=\"height: 13.50pt;\" height=\"18\">Boyutlar<\/td>\n<td>Taban \u00e7ap\u0131: 78 mm; Y\u00fckseklik: 100 mm; A\u011f\u0131z \u00e7ap\u0131: 35 mm.<\/td>\n<\/tr>\n<tr style=\"height: 13.50pt;\">\n<td style=\"height: 13.50pt;\" height=\"18\">Renk Se\u00e7enekleri<\/td>\n<td>\u015eeffaf veya \u00f6zel<\/td>\n<\/tr>\n<tr style=\"height: 13.50pt;\">\n<td style=\"height: 13.50pt;\" height=\"18\">Tasar\u0131m Varyantlar\u0131<\/td>\n<td>Ekstra doku i\u00e7in dikey pileli taban veya elmas desenli taban<\/td>\n<\/tr>\n<\/tbody>\n<\/table>\n<h2>\u00dcr\u00fcn\u00fcn \u00f6zellikleri<\/h2>\n<ol>\n<li><strong>G\u00f6rsel efektler i\u00e7in zarif uzun tasar\u0131m:\u00a0<\/strong>79 mm y\u00fcksekli\u011fi ve 35 mm geni\u015fli\u011fiyle bu modern cam mumluk, masa veya \u015f\u00f6mine raf\u0131nda dikkat \u00e7ekici bir g\u00f6r\u00fcn\u00fcm gerektiren mum kutusu ve mum kavanozu koleksiyonlar\u0131 i\u00e7in idealdir.<\/li>\n<li><strong>Dokulu taban ile dengeyi g\u00fc\u00e7lendirme:\u00a0<\/strong>Geni\u015f, dairesel taban\u0131 ve radyal oluklar\u0131 sayesinde bu bo\u015f mum kavanozu, toplu mum g\u00f6nderimlerinde veya etkinlik kurulumlar\u0131nda bile d\u00fcz kal\u0131r.<\/li>\n<li><strong>Vintage esintili heykelin detaylar\u0131:\u00a0<\/strong>Orta k\u0131s\u0131mdaki toplar ve halka oymalar\u0131 retro bir \u00e7ekicilik katarak, sade esteti\u011fi hedefleyen mum perakendecilerinin g\u00f6zdesi olan l\u00fcks bir mum haline getiriyor.<\/li>\n<\/ol>\n<h2>\u00d6zelle\u015ftirme \u00d6nerileri<\/h2>\n<h3>Y\u00fczey \u0130\u015fleme<\/h3>\n<p>Bu vintage kesme cam mumluklar, sprey kaplamalar (kehribar, f\u00fcme gri veya mat siyah gibi), daha yumu\u015fak bir \u0131\u015f\u0131k i\u00e7in buzlu y\u00fczeyler veya \u00fcst d\u00fczey pazarlar i\u00e7in alt\u0131n ve \u015fampanya gibi metalik kaplamalarla \u00f6zelle\u015ftirilebilir. Bu, al\u0131c\u0131lara ayn\u0131 tasar\u0131m\u0131 hem modern ev dekorasyonunda hem de \u00fcst d\u00fczey etkinlik dekorasyonunda \u00e7e\u015fitli koleksiyonlarda yeniden markalama olana\u011f\u0131 sa\u011flar.<\/p>\n<h3>Fonksiyonlar, Boyuta Uyarlama<\/h3>\n<p>\u00dcst \u00e7ap\u0131, mumluk olarak daha hassas bir uyum i\u00e7in ayarlanabilir veya k\u00fc\u00e7\u00fck s\u00fctun mumluklar\u0131 daha iyi desteklemek i\u00e7in biraz daha derinle\u015ftirilebilir. Ayr\u0131ca, B2B m\u00fc\u015fterilerinin d\u00fc\u011f\u00fcnlerde, otelcilik projelerinde ve kiralama i\u015fletmelerinde katmanl\u0131 te\u015fhirler tasarlamalar\u0131n\u0131 sa\u011flamak i\u00e7in senkronize y\u00fckseklik varyasyonlar\u0131 veya setleri sunabiliriz.<\/p>","protected":false},"excerpt":{"rendered":"<p>Zarif kaide tasar\u0131m\u0131na sahip, vintage tarz\u0131 kesme cam mumluklar. Etkinlikler, dekorasyon ve toptan tedarik i\u00e7in mumluk veya s\u00fctun mumluk olarak idealdir.<\/p>","protected":false},"featured_media":4907,"template":"","meta":{"site-sidebar-layout":"default","site-content-layout":"","ast-site-content-layout":"default","site-content-style":"default","site-sidebar-style":"default","ast-global-header-display":"","ast-banner-title-visibility":"","ast-main-header-display":"","ast-hfb-above-header-display":"","ast-hfb-below-header-display":"","ast-hfb-mobile-header-display":"","site-post-title":"","ast-breadcrumbs-content":"","ast-featured-img":"","footer-sml-layout":"","theme-transparent-header-meta":"default","adv-header-id-meta":"","stick-header-meta":"","header-above-stick-meta":"","header-main-stick-meta":"","header-below-stick-meta":"","astra-migrate-meta-layouts":"set","ast-page-background-enabled":"default","ast-page-background-meta":{"desktop":{"background-color":"var(--ast-global-color-5)","background-image":"","background-repeat":"repeat","background-position":"center center","background-size":"auto","background-attachment":"scroll","background-type":"","background-media":"","overlay-type":"","overlay-color":"","overlay-opacity":"","overlay-gradient":""},"tablet":{"background-color":"","background-image":"","background-repeat":"repeat","background-position":"center center","background-size":"auto","background-attachment":"scroll","background-type":"","background-media":"","overlay-type":"","overlay-color":"","overlay-opacity":"","overlay-gradient":""},"mobile":{"background-color":"","background-image":"","background-repeat":"repeat","background-position":"center center","background-size":"auto","background-attachment":"scroll","background-type":"","background-media":"","overlay-type":"","overlay-color":"","overlay-opacity":"","overlay-gradient":""}},"ast-content-background-meta":{"desktop":{"background-color":"var(--ast-global-color-4)","background-image":"","background-repeat":"repeat","background-position":"center center","background-size":"auto","background-attachment":"scroll","background-type":"","background-media":"","overlay-type":"","overlay-color":"","overlay-opacity":"","overlay-gradient":""},"tablet":{"background-color":"var(--ast-global-color-4)","background-image":"","background-repeat":"repeat","background-position":"center center","background-size":"auto","background-attachment":"scroll","background-type":"","background-media":"","overlay-type":"","overlay-color":"","overlay-opacity":"","overlay-gradient":""},"mobile":{"background-color":"var(--ast-global-color-4)","background-image":"","background-repeat":"repeat","background-position":"center center","background-size":"auto","background-attachment":"scroll","background-type":"","background-media":"","overlay-type":"","overlay-color":"","overlay-opacity":"","overlay-gradient":""}}},"product_brand":[],"product_cat":[28,21],"product_tag":[],"class_list":{"0":"post-902","1":"product","2":"type-product","3":"status-publish","4":"has-post-thumbnail","6":"product_cat-glass-candle-jars","7":"product_cat-product","8":"desktop-align-left","9":"tablet-align-left","10":"mobile-align-left","12":"first","13":"instock","14":"shipping-taxable","15":"product-type-simple"},"jetpack_sharing_enabled":true,"_links":{"self":[{"href":"https:\/\/mostebglass.com\/tr\/wp-json\/wp\/v2\/product\/902","targetHints":{"allow":["GET"]}}],"collection":[{"href":"https:\/\/mostebglass.com\/tr\/wp-json\/wp\/v2\/product"}],"about":[{"href":"https:\/\/mostebglass.com\/tr\/wp-json\/wp\/v2\/types\/product"}],"wp:featuredmedia":[{"embeddable":true,"href":"https:\/\/mostebglass.com\/tr\/wp-json\/wp\/v2\/media\/4907"}],"wp:attachment":[{"href":"https:\/\/mostebglass.com\/tr\/wp-json\/wp\/v2\/media?parent=902"}],"wp:term":[{"taxonomy":"product_brand","embeddable":true,"href":"https:\/\/mostebglass.com\/tr\/wp-json\/wp\/v2\/product_brand?post=902"},{"taxonomy":"product_cat","embeddable":true,"href":"https:\/\/mostebglass.com\/tr\/wp-json\/wp\/v2\/product_cat?post=902"},{"taxonomy":"product_tag","embeddable":true,"href":"https:\/\/mostebglass.com\/tr\/wp-json\/wp\/v2\/product_tag?post=902"}],"curies":[{"name":"wp","href":"https:\/\/api.w.org\/{rel}","templated":true}]}}