{"id":967,"date":"2025-08-27T10:35:10","date_gmt":"2025-08-27T02:35:10","guid":{"rendered":"https:\/\/mostebglass.com\/?post_type=product&#038;p=967"},"modified":"2026-03-20T14:35:06","modified_gmt":"2026-03-20T06:35:06","slug":"large-glass-candle-holders-32oz-64oz-candle-jars-with-lids","status":"publish","type":"product","link":"https:\/\/mostebglass.com\/tr\/large-glass-candle-holders-32oz-64oz-candle-jars-with-lids\/","title":{"rendered":"B\u00fcy\u00fck Boy Cam Mumluklar \u2013 32oz ve 64oz Kapakl\u0131 Mum Kavanozlar\u0131"},"content":{"rendered":"<p>Bu b\u00fcy\u00fck silindirik cam mumluk serisi, geni\u015f a\u011f\u0131zl\u0131, sade ve minimalist bir tarza sahiptir. Bu b\u00fcy\u00fck cam mumluklar, dayan\u0131kl\u0131 ve \u0131s\u0131ya dayan\u0131kl\u0131 olacak \u015fekilde tasarlanm\u0131\u015f olup kal\u0131n soda-kire\u00e7 cam\u0131ndan \u00fcretilmi\u015ftir. 64 oz (2 L) ve 32 oz (930 ml) boyutlar\u0131nda bulunan bu kaplar, soya mumlar\u0131, kokulu mumlar ve dekoratif b\u00fcy\u00fck mumlar gibi mumlar\u0131n \u00fcretimi i\u00e7in m\u00fckemmel birer kapt\u0131r. \u00c7ap-y\u00fckseklik oran\u0131 olduk\u00e7a dengelidir; bu da fitilin istikrarl\u0131 bir \u015fekilde durmas\u0131n\u0131 ve mumun e\u015fit \u015fekilde birikmesini sa\u011flar. L\u00fcks mum kaplar\u0131, ev dekorasyonu, spa markalar\u0131 ve \u00fcst d\u00fczey perakende ortamlar\u0131 i\u00e7in olduk\u00e7a uygundur.<\/p>\n<h2>Temel \u00d6zellikler<\/h2>\n<table style=\"border-collapse: collapse; width: 80%; margin-left: auto; margin-right: auto;\" border=\"0\" width=\"500\" cellspacing=\"0\" cellpadding=\"0\">\n<tbody>\n<tr style=\"height: 13.50pt;\">\n<td style=\"height: 13.50pt; width: 137.25pt;\" width=\"183\" height=\"18\"><strong>\u00d6\u011fe<\/strong><\/td>\n<td style=\"width: 111.00pt;\" width=\"148\"><strong>64 oz \/ 2 L Kavanoz<\/strong><\/td>\n<td style=\"width: 126.75pt;\" width=\"169\"><strong>32 oz \/ 930 ml Kavanoz<\/strong><\/td>\n<\/tr>\n<tr style=\"height: 13.50pt;\">\n<td style=\"height: 13.50pt;\" height=\"18\">Kapasite<\/td>\n<td>2000 ml \/ 64 oz<\/td>\n<td>930 ml \/ 32 oz<\/td>\n<\/tr>\n<tr style=\"height: 13.50pt;\">\n<td style=\"height: 13.50pt;\" height=\"18\">\u00dcst \u00c7ap<\/td>\n<td>150 mm<\/td>\n<td>150 mm<\/td>\n<\/tr>\n<tr style=\"height: 13.50pt;\">\n<td style=\"height: 13.50pt;\" height=\"18\">Alt \u00c7ap<\/td>\n<td>143 mm<\/td>\n<td>143 mm<\/td>\n<\/tr>\n<tr style=\"height: 13.50pt;\">\n<td style=\"height: 13.50pt;\" height=\"18\">Y\u00fckseklik<\/td>\n<td>150 mm<\/td>\n<td>80 mm<\/td>\n<\/tr>\n<tr style=\"height: 13.50pt;\">\n<td style=\"height: 13.50pt;\" height=\"18\">\u015eekil<\/td>\n<td class=\"et2\" style=\"text-align: center;\" colspan=\"2\">Silindirik, geni\u015f a\u011f\u0131zl\u0131<\/td>\n<\/tr>\n<tr style=\"height: 13.50pt;\">\n<td style=\"height: 13.50pt;\" height=\"18\">Malzeme<\/td>\n<td class=\"et2\" style=\"text-align: center;\" colspan=\"2\">Kal\u0131n soda-kire\u00e7 cam\u0131<\/td>\n<\/tr>\n<tr style=\"height: 13.50pt;\">\n<td style=\"height: 13.50pt;\" height=\"18\">\u00dcretim S\u00fcreci<\/td>\n<td class=\"et2\" style=\"text-align: center;\" colspan=\"2\">Makineyle bas\u0131lm\u0131\u015f<\/td>\n<\/tr>\n<tr style=\"height: 13.50pt;\">\n<td style=\"height: 13.50pt;\" height=\"18\">Renk<\/td>\n<td class=\"et2\" style=\"text-align: center;\" colspan=\"2\">Temizle (\u00f6zelle\u015ftirme se\u00e7ene\u011fi mevcut)<\/td>\n<\/tr>\n<tr style=\"height: 13.50pt;\">\n<td style=\"height: 13.50pt;\" height=\"18\">Kapak Se\u00e7enekleri<\/td>\n<td class=\"et2\" style=\"text-align: center;\" colspan=\"2\">Mevcut (\u00f6zelle\u015ftirilebilir)<\/td>\n<\/tr>\n<tr style=\"height: 13.50pt;\">\n<td style=\"height: 13.50pt;\" height=\"18\">\u00d6zelle\u015ftirme<\/td>\n<td class=\"et2\" style=\"text-align: center;\" colspan=\"2\">Logo, renk, y\u00fczey, boyut, \u015fekil, kapak<\/td>\n<\/tr>\n<\/tbody>\n<\/table>\n<h2>Ba\u015fl\u0131ca \u00d6zellikler<\/h2>\n<ol>\n<li><strong>M\u00fckemmel Termal Performans:<\/strong> Kal\u0131nla\u015ft\u0131r\u0131lm\u0131\u015f cam tasar\u0131m\u0131, y\u00fcksek \u0131s\u0131 direnci ve istikrarl\u0131 so\u011futma sa\u011flayarak kapakl\u0131 mum kaplar\u0131n\u0131n g\u00fcvenli\u011fini ve tutarl\u0131l\u0131\u011f\u0131n\u0131 art\u0131r\u0131r.<\/li>\n<li><strong>En \u0130yi Yanma Verimlili\u011fi:<\/strong> Tasarlanan \u015fekil, mumun e\u015fit \u015fekilde da\u011f\u0131lmas\u0131n\u0131 sa\u011flar ve sonu\u00e7 olarak &#039;in \u00fczerinde mum kullan\u0131m verimlili\u011fi elde edilir; bu da birinci s\u0131n\u0131f mum kaplar\u0131nda en iyi sonucu verir.<\/li>\n<li><strong>\u00dcretime Uygun Tasar\u0131m:<\/strong> Geni\u015f a\u011f\u0131z, mumun kolayca d\u00f6k\u00fclmesini ve etiketlenmesini sa\u011flar; otomatik dolum hatlar\u0131n\u0131n \u00fcretiminde ve toptan mum kavanozu \u00fcretiminde idealdir.<\/li>\n<\/ol>\n<h2>Ba\u015far\u0131l\u0131 Vaka \u00c7al\u0131\u015fmas\u0131<\/h2>\n<p>L\u00fcks bir mum markas\u0131 olan Frans\u0131z bir parf\u00fcm \u015firketi, mevsimlik \u00fcretim kapsam\u0131nda fabrikam\u0131zdan 32 ve 64 oz&#039;luk b\u00fcy\u00fck boy kapakl\u0131 mum kavanozlar\u0131 sipari\u015f etti.<\/p>\n<ul>\n<li><strong>Sipari\u015f Hacmi<\/strong>Ba\u015flang\u0131\u00e7 \u200b\u200bsipari\u015fi 30.000 adet (kar\u0131\u015f\u0131k boyutlarda).<\/li>\n<li><strong>\u00d6zelle\u015ftirme<\/strong>Buzlu beyaz y\u00fczey, alt\u0131n rengi logo bask\u0131s\u0131, \u00f6zel metal kapak.<\/li>\n<li><strong>Kullanmak<\/strong>Renk ge\u00e7i\u015fli soya mumu kaplama.<\/li>\n<li><strong>Piyasa Sonucu<\/strong>Avrupa perakende ma\u011fazalar\u0131nda 3 ay i\u00e7inde t\u00fckendi.<\/li>\n<li><strong>Yeniden Sipari\u015f Durumu<\/strong>Bu \u00fcr\u00fcn i\u00e7in 6 ay i\u00e7inde 2 tekrar sipari\u015fi verildi ve y\u0131ll\u0131k \u00fcretim 80.000 adede y\u00fckseldi.<\/li>\n<\/ul>\n<p>Bu, y\u00fcksek perakende g\u00fcc\u00fcn\u00fc ve cam ambalaj \u00e7\u00f6z\u00fcmlerimizi toplu ve markal\u0131 kullan\u0131ma \u00f6l\u00e7eklendirme yetene\u011fini g\u00f6stermektedir.<\/p>\n<h2>B2B Al\u0131c\u0131lar\u0131na Y\u00f6nelik \u00d6zelle\u015ftirme \u00d6nerisi<\/h2>\n<ol>\n<li><strong>Kapak ve Y\u00fczey \u0130\u015fleme<\/strong>Ah\u015fap, bambu veya metal kapakl\u0131 \u00fcr\u00fcnlere, markal\u0131 kapak ve y\u00fczey i\u015flemesiyle \u00f6zel kabartma veya bask\u0131 uygulamas\u0131 yaparak, l\u00fcks mumluk olarak konumland\u0131rmay\u0131 g\u00fc\u00e7lendirmek.<\/li>\n<li><strong>Renk Kaplama ile Pazarda Farkl\u0131la\u015fma<\/strong>Marka kimli\u011fine dayal\u0131 olarak stil ve renklerde farkl\u0131l\u0131k sa\u011flamak i\u00e7in sprey kaplama, elektrokaplama veya buzlu y\u00fczey i\u015flemi uygulay\u0131n.<\/li>\n<li><strong>\u00dcr\u00fcn Hatt\u0131 Optimizasyonu (boyut ve \u015fekil)<\/strong>Toptan ve toplu da\u011f\u0131t\u0131mda, birden fazla \u00fcr\u00fcn i\u00e7in \u00f6zel olarak tasarlanm\u0131\u015f kapasite ve \u015fekle sahip, tek tip bir \u00fcr\u00fcn paketleme sistemi olu\u015fturun.<\/li>\n<\/ol>","protected":false},"excerpt":{"rendered":"<p>Seri \u00fcretim, \u00f6zel ambalajlama ve raflarda dikkat \u00e7ekici g\u00f6r\u00fcn\u00fcm i\u00e7in tasarlanm\u0131\u015f b\u00fcy\u00fck cam mumluklar ve kapakl\u0131 b\u00fcy\u00fck mum kavanozlar\u0131yla markan\u0131z\u0131 bir \u00fcst seviyeye ta\u015f\u0131y\u0131n.<\/p>","protected":false},"featured_media":4845,"template":"","meta":{"site-sidebar-layout":"default","site-content-layout":"","ast-site-content-layout":"default","site-content-style":"default","site-sidebar-style":"default","ast-global-header-display":"","ast-banner-title-visibility":"","ast-main-header-display":"","ast-hfb-above-header-display":"","ast-hfb-below-header-display":"","ast-hfb-mobile-header-display":"","site-post-title":"","ast-breadcrumbs-content":"","ast-featured-img":"","footer-sml-layout":"","theme-transparent-header-meta":"default","adv-header-id-meta":"","stick-header-meta":"","header-above-stick-meta":"","header-main-stick-meta":"","header-below-stick-meta":"","astra-migrate-meta-layouts":"set","ast-page-background-enabled":"default","ast-page-background-meta":{"desktop":{"background-color":"var(--ast-global-color-5)","background-image":"","background-repeat":"repeat","background-position":"center center","background-size":"auto","background-attachment":"scroll","background-type":"","background-media":"","overlay-type":"","overlay-color":"","overlay-opacity":"","overlay-gradient":""},"tablet":{"background-color":"","background-image":"","background-repeat":"repeat","background-position":"center center","background-size":"auto","background-attachment":"scroll","background-type":"","background-media":"","overlay-type":"","overlay-color":"","overlay-opacity":"","overlay-gradient":""},"mobile":{"background-color":"","background-image":"","background-repeat":"repeat","background-position":"center center","background-size":"auto","background-attachment":"scroll","background-type":"","background-media":"","overlay-type":"","overlay-color":"","overlay-opacity":"","overlay-gradient":""}},"ast-content-background-meta":{"desktop":{"background-color":"var(--ast-global-color-4)","background-image":"","background-repeat":"repeat","background-position":"center center","background-size":"auto","background-attachment":"scroll","background-type":"","background-media":"","overlay-type":"","overlay-color":"","overlay-opacity":"","overlay-gradient":""},"tablet":{"background-color":"var(--ast-global-color-4)","background-image":"","background-repeat":"repeat","background-position":"center center","background-size":"auto","background-attachment":"scroll","background-type":"","background-media":"","overlay-type":"","overlay-color":"","overlay-opacity":"","overlay-gradient":""},"mobile":{"background-color":"var(--ast-global-color-4)","background-image":"","background-repeat":"repeat","background-position":"center center","background-size":"auto","background-attachment":"scroll","background-type":"","background-media":"","overlay-type":"","overlay-color":"","overlay-opacity":"","overlay-gradient":""}}},"product_brand":[],"product_cat":[28],"product_tag":[],"class_list":{"0":"post-967","1":"product","2":"type-product","3":"status-publish","4":"has-post-thumbnail","6":"product_cat-glass-candle-jars","7":"desktop-align-left","8":"tablet-align-left","9":"mobile-align-left","11":"first","12":"instock","13":"shipping-taxable","14":"product-type-simple"},"jetpack_sharing_enabled":true,"_links":{"self":[{"href":"https:\/\/mostebglass.com\/tr\/wp-json\/wp\/v2\/product\/967","targetHints":{"allow":["GET"]}}],"collection":[{"href":"https:\/\/mostebglass.com\/tr\/wp-json\/wp\/v2\/product"}],"about":[{"href":"https:\/\/mostebglass.com\/tr\/wp-json\/wp\/v2\/types\/product"}],"wp:featuredmedia":[{"embeddable":true,"href":"https:\/\/mostebglass.com\/tr\/wp-json\/wp\/v2\/media\/4845"}],"wp:attachment":[{"href":"https:\/\/mostebglass.com\/tr\/wp-json\/wp\/v2\/media?parent=967"}],"wp:term":[{"taxonomy":"product_brand","embeddable":true,"href":"https:\/\/mostebglass.com\/tr\/wp-json\/wp\/v2\/product_brand?post=967"},{"taxonomy":"product_cat","embeddable":true,"href":"https:\/\/mostebglass.com\/tr\/wp-json\/wp\/v2\/product_cat?post=967"},{"taxonomy":"product_tag","embeddable":true,"href":"https:\/\/mostebglass.com\/tr\/wp-json\/wp\/v2\/product_tag?post=967"}],"curies":[{"name":"wp","href":"https:\/\/api.w.org\/{rel}","templated":true}]}}