{"id":988,"date":"2025-08-27T11:53:06","date_gmt":"2025-08-27T03:53:06","guid":{"rendered":"https:\/\/mostebglass.com\/?post_type=product&#038;p=988"},"modified":"2026-02-28T18:49:16","modified_gmt":"2026-02-28T10:49:16","slug":"multi-size-clear-glass-candle-jars-containers-wholesale","status":"publish","type":"product","link":"https:\/\/mostebglass.com\/tr\/multi-size-clear-glass-candle-jars-containers-wholesale\/","title":{"rendered":"320-950 ml \u00c7e\u015fitli Boyutlarda \u015eeffaf Cam Mum Kavanozlar\u0131 ve Kaplar\u0131 Toptan Sat\u0131\u015f"},"content":{"rendered":"<p>Bu seri, zarif ve \u00e7a\u011fda\u015f bir g\u00f6r\u00fcn\u00fcme sahip, temiz yuvarlak kenarl\u0131, kal\u0131n tabanl\u0131 ve silindirik \u015fekilli, \u00e7ok y\u00f6nl\u00fc \u015feffaf cam mumluklardan olu\u015fmaktad\u0131r. \u015eeffaf soda-kire\u00e7 cam yap\u0131s\u0131, y\u00fcksek berrakl\u0131k ve duvar kal\u0131nl\u0131\u011f\u0131n\u0131n homojenli\u011fi sayesinde hem \u00e7ekici bir g\u00f6r\u00fcn\u00fcme sahip hem de daha uzun \u00f6m\u00fcrl\u00fcd\u00fcr.<\/p>\n<p>Koleksiyon, 320 ml, 410 ml, 430 ml, 550 ml, 690 ml ve 950 ml olmak \u00fczere alt\u0131 farkl\u0131 kapasiteye sahip olup, markalara \u00e7e\u015fitli uygulamalarda uyumlu \u00fcr\u00fcn serileri olu\u015fturma f\u0131rsat\u0131 sunmaktad\u0131r. Se\u00e7ilen modeller, do\u011fal bambu kapaklar ve metal kapaklarla kullan\u0131labilir; bu da s\u0131cak malzemeler aras\u0131nda bir kontrast sa\u011flayarak s\u0131zd\u0131rmazl\u0131k performans\u0131n\u0131 art\u0131r\u0131r.<\/p>\n<h2>Temel \u00d6zellikler<\/h2>\n<p>&nbsp;<\/p>\n<table style=\"border-collapse: collapse; width: 100%; margin-left: auto; margin-right: auto;\" border=\"0\" width=\"100%\" cellspacing=\"0\" cellpadding=\"0\">\n<tbody>\n<tr style=\"height: 13.50pt;\">\n<td style=\"height: 13.50pt; width: 54.00pt;\" width=\"72\" height=\"18\">Kapasite<\/td>\n<td style=\"width: 54.00pt;\" width=\"72\">320 ml<\/td>\n<td style=\"width: 54.00pt;\" width=\"72\">410 ml<\/td>\n<td style=\"width: 54.00pt;\" width=\"72\">430 ml<\/td>\n<td style=\"width: 54.00pt;\" width=\"72\">550 ml<\/td>\n<td style=\"width: 54.00pt;\" width=\"72\">690 ml<\/td>\n<td style=\"width: 54.00pt;\" width=\"72\">950 ml<\/td>\n<\/tr>\n<tr style=\"height: 13.50pt;\">\n<td style=\"height: 13.50pt;\" height=\"18\">Boyutlar<\/td>\n<td>80x75x100mm<\/td>\n<td>88x83x100mm<\/td>\n<td>90x85x102mm<\/td>\n<td>100x94x101mm<\/td>\n<td>100x92x125mm<\/td>\n<td>120*113*120mm<\/td>\n<\/tr>\n<tr style=\"height: 13.50pt;\">\n<td style=\"height: 13.50pt;\" height=\"18\">Malzeme<\/td>\n<td class=\"et2\" style=\"text-align: center;\" colspan=\"6\">Son derece \u015feffaf, kur\u015funsuz soda-kire\u00e7 cam\u0131<\/td>\n<\/tr>\n<tr style=\"height: 13.50pt;\">\n<td style=\"height: 13.50pt;\" height=\"18\">Renk Se\u00e7enekleri<\/td>\n<td class=\"et2\" style=\"text-align: center;\" colspan=\"6\">\u015eeffaf, istedi\u011finiz renk<\/td>\n<\/tr>\n<tr style=\"height: 13.50pt;\">\n<td style=\"height: 13.50pt;\" height=\"18\">\u015eekil<\/td>\n<td class=\"et2\" style=\"text-align: center;\" colspan=\"6\">Kal\u0131n ve a\u011f\u0131r yap\u0131lm\u0131\u015f, d\u00fcz kenarl\u0131 ve sa\u011flam tabanl\u0131 silindirik g\u00f6vde.<\/td>\n<\/tr>\n<tr style=\"height: 13.50pt;\">\n<td style=\"height: 13.50pt;\" height=\"18\">Kapak Uyumlulu\u011fu<\/td>\n<td class=\"et2\" style=\"text-align: center;\" colspan=\"6\">Bambu kapaklar ve silikon pedli metal kapaklar<\/td>\n<\/tr>\n<tr style=\"height: 13.50pt;\">\n<td style=\"height: 13.50pt;\" height=\"18\">\u00d6zelle\u015ftirme se\u00e7enekleri<\/td>\n<td class=\"et2\" style=\"text-align: center;\" colspan=\"6\">Renk, boyut, kapasite, y\u00fczey i\u015flemi, logo, ambalaj kutusu<\/td>\n<\/tr>\n<\/tbody>\n<\/table>\n<h2>Uygulamalar<\/h2>\n<p>Bu \u015feffaf cam mumluklar, \u00e7e\u015fitli pazarlarda \u00e7e\u015fitli kullan\u0131m alanlar\u0131na sahiptir:<\/p>\n<ul>\n<li><strong>Mum kavanozlar\u0131<\/strong>Bu mumlar, kokulu mumlar, soya mumlar\u0131 ve ambalajl\u0131 mumlar i\u00e7in uygundur. Yo\u011fun taban\u0131, yanma \u0131s\u0131s\u0131n\u0131 ve g\u00fcvenli\u011fini art\u0131r\u0131r.<\/li>\n<li><strong>\u0130\u00e7me bardaklar\u0131<\/strong>: Boyut se\u00e7ene\u011fi (\u00f6rne\u011fin, 320 ml-430 ml bardaklar), orant\u0131l\u0131 yap\u0131s\u0131 ve sa\u011flam taban\u0131 sayesinde viski barda\u011f\u0131 veya su barda\u011f\u0131 olarak kullan\u0131labilir.<\/li>\n<li><strong>Saklama kavanozlar\u0131<\/strong>Bu kavanozlar kahve \u00e7ekirdekleri, baharatlar, \u015feker, \u00e7ay, banyo tuzlar\u0131 veya k\u00fc\u00e7\u00fck ev e\u015fyalar\u0131 i\u00e7in m\u00fckemmeldir ve kapakla birlikte kullan\u0131ld\u0131\u011f\u0131nda en iyi sonucu verir.<\/li>\n<li><strong>Vazolar<\/strong>Daha b\u00fcy\u00fck (690 ml - 950 ml) hacimli minimalist cam vazolar, taze veya kuru \u00e7i\u00e7ek aranjmanlar\u0131yla kullan\u0131labilir.<\/li>\n<li><strong>Misafirperverlik\/hediye verme<\/strong>Bu, oteller, restoranlar, hediyelik e\u015fya setleri ve pazarlama ambalajlar\u0131 i\u00e7in uygundur.<\/li>\n<\/ul>\n<h2>B2B \u00d6zelle\u015ftirme \u00d6nerileri.<\/h2>\n<p>Bu seri, marka sahiplerine, toptanc\u0131lara ve kendi etiketlerini sat\u0131n alanlara uyacak \u015fekilde \u00f6zelle\u015ftirilme potansiyeline sahiptir:<\/p>\n<ul>\n<li><strong>Logolardaki s\u00fcslemeler<\/strong>Serigrafi bask\u0131, \u0131s\u0131 transferi, buzlu logo, lazer grav\u00fcr.<\/li>\n<li><strong>Y\u00fczey i\u015fleme:<\/strong> Buzlu cam, p\u00fcsk\u00fcrtme kaplama, elektrokaplama, degrade renk.<\/li>\n<li><strong>\u00c7e\u015fitli kapaklar:<\/strong> Ah\u015fap, bambu, metal veya \u00f6zel boyal\u0131 kapaklar.<\/li>\n<li><strong>Boyut ayarlamas\u0131:<\/strong> Ki\u015fiye \u00f6zel kapasite veya \u00e7apa sahip, ki\u015fiye \u00f6zel boyutlarda kal\u0131p \u00fcretimi.<\/li>\n<li><strong>Paketleme se\u00e7enekleri:<\/strong> Markal\u0131 i\u00e7 ambalajlar, b\u00fcy\u00fck ihracat kartonlar\u0131, ki\u015fiselle\u015ftirilmi\u015f hediye kutular\u0131.<\/li>\n<li><strong>Mum tedarikine haz\u0131r\u0131z:<\/strong> \u00d6nceden mumlanm\u0131\u015f dolgu malzemesinden anahtar teslim mum yap\u0131m i\u015flerine kadar.<\/li>\n<\/ul>\n<p>\u00c7oklu kapasite \u00f6zelli\u011finin sa\u011flad\u0131\u011f\u0131 tek tip g\u00f6r\u00fcn\u00fcm, markalar\u0131n eksiksiz \u00fcr\u00fcn aileleri olu\u015fturmas\u0131na ve \u00fcretim ile ambalaj verimlili\u011fini en \u00fcst d\u00fczeye \u00e7\u0131karmas\u0131na olanak tan\u0131r.<\/p>","protected":false},"excerpt":{"rendered":"<p>\u015eeffaf cam mumluklar, i\u00e7ecek bardaklar\u0131 ve vazolar i\u00e7in 320 ml ile 950 ml aras\u0131nda de\u011fi\u015fen \u00e7ok boyutlu cam kaplar. \u00d6zel etiket ve toptan sat\u0131\u015f projeleri i\u00e7in \u00f6zelle\u015ftirilebilir.<\/p>","protected":false},"featured_media":4529,"template":"","meta":{"site-sidebar-layout":"default","site-content-layout":"","ast-site-content-layout":"default","site-content-style":"default","site-sidebar-style":"default","ast-global-header-display":"","ast-banner-title-visibility":"","ast-main-header-display":"","ast-hfb-above-header-display":"","ast-hfb-below-header-display":"","ast-hfb-mobile-header-display":"","site-post-title":"","ast-breadcrumbs-content":"","ast-featured-img":"","footer-sml-layout":"","theme-transparent-header-meta":"default","adv-header-id-meta":"","stick-header-meta":"","header-above-stick-meta":"","header-main-stick-meta":"","header-below-stick-meta":"","astra-migrate-meta-layouts":"set","ast-page-background-enabled":"default","ast-page-background-meta":{"desktop":{"background-color":"var(--ast-global-color-5)","background-image":"","background-repeat":"repeat","background-position":"center center","background-size":"auto","background-attachment":"scroll","background-type":"","background-media":"","overlay-type":"","overlay-color":"","overlay-opacity":"","overlay-gradient":""},"tablet":{"background-color":"","background-image":"","background-repeat":"repeat","background-position":"center center","background-size":"auto","background-attachment":"scroll","background-type":"","background-media":"","overlay-type":"","overlay-color":"","overlay-opacity":"","overlay-gradient":""},"mobile":{"background-color":"","background-image":"","background-repeat":"repeat","background-position":"center center","background-size":"auto","background-attachment":"scroll","background-type":"","background-media":"","overlay-type":"","overlay-color":"","overlay-opacity":"","overlay-gradient":""}},"ast-content-background-meta":{"desktop":{"background-color":"var(--ast-global-color-4)","background-image":"","background-repeat":"repeat","background-position":"center center","background-size":"auto","background-attachment":"scroll","background-type":"","background-media":"","overlay-type":"","overlay-color":"","overlay-opacity":"","overlay-gradient":""},"tablet":{"background-color":"var(--ast-global-color-4)","background-image":"","background-repeat":"repeat","background-position":"center center","background-size":"auto","background-attachment":"scroll","background-type":"","background-media":"","overlay-type":"","overlay-color":"","overlay-opacity":"","overlay-gradient":""},"mobile":{"background-color":"var(--ast-global-color-4)","background-image":"","background-repeat":"repeat","background-position":"center center","background-size":"auto","background-attachment":"scroll","background-type":"","background-media":"","overlay-type":"","overlay-color":"","overlay-opacity":"","overlay-gradient":""}}},"product_brand":[],"product_cat":[28,21],"product_tag":[],"class_list":{"0":"post-988","1":"product","2":"type-product","3":"status-publish","4":"has-post-thumbnail","6":"product_cat-glass-candle-jars","7":"product_cat-product","8":"desktop-align-left","9":"tablet-align-left","10":"mobile-align-left","12":"first","13":"instock","14":"shipping-taxable","15":"product-type-simple"},"jetpack_sharing_enabled":true,"_links":{"self":[{"href":"https:\/\/mostebglass.com\/tr\/wp-json\/wp\/v2\/product\/988","targetHints":{"allow":["GET"]}}],"collection":[{"href":"https:\/\/mostebglass.com\/tr\/wp-json\/wp\/v2\/product"}],"about":[{"href":"https:\/\/mostebglass.com\/tr\/wp-json\/wp\/v2\/types\/product"}],"wp:featuredmedia":[{"embeddable":true,"href":"https:\/\/mostebglass.com\/tr\/wp-json\/wp\/v2\/media\/4529"}],"wp:attachment":[{"href":"https:\/\/mostebglass.com\/tr\/wp-json\/wp\/v2\/media?parent=988"}],"wp:term":[{"taxonomy":"product_brand","embeddable":true,"href":"https:\/\/mostebglass.com\/tr\/wp-json\/wp\/v2\/product_brand?post=988"},{"taxonomy":"product_cat","embeddable":true,"href":"https:\/\/mostebglass.com\/tr\/wp-json\/wp\/v2\/product_cat?post=988"},{"taxonomy":"product_tag","embeddable":true,"href":"https:\/\/mostebglass.com\/tr\/wp-json\/wp\/v2\/product_tag?post=988"}],"curies":[{"name":"wp","href":"https:\/\/api.w.org\/{rel}","templated":true}]}}