{"id":993,"date":"2025-08-27T13:15:17","date_gmt":"2025-08-27T05:15:17","guid":{"rendered":"https:\/\/mostebglass.com\/?post_type=product&#038;p=993"},"modified":"2026-03-04T15:05:18","modified_gmt":"2026-03-04T07:05:18","slug":"duzensiz-sekilli-100ml-benzersiz-kamis-difuzor-siseleri-toptan","status":"publish","type":"product","link":"https:\/\/mostebglass.com\/tr\/100ml-unique-reed-diffuser-bottles-with-irregular-shape-wholesale\/","title":{"rendered":"100 ml D\u00fczensiz \u015eekilli Benzersiz Kam\u0131\u015f Dif\u00fcz\u00f6r \u015ei\u015feleri Toptan Sat\u0131\u015f"},"content":{"rendered":"<p>Set, modern kavisli bir \u015fekle sahip, \u015feffaf ve i\u00e7indeki koku s\u0131v\u0131s\u0131n\u0131 net bir \u015fekilde g\u00f6steren, sade bir sil\u00fcete sahip bir kam\u0131\u015fl\u0131 oda kokusu \u015fi\u015fesi i\u00e7erir. \u015ei\u015fenin taban\u0131 geni\u015f ve sa\u011flamd\u0131r, boynu ise \u00e7ok say\u0131da kam\u0131\u015f \u00e7ubu\u011funu s\u0131k\u0131ca tutacak \u015fekilde hafif\u00e7e daralt\u0131lm\u0131\u015ft\u0131r. Sade formu ve p\u00fcr\u00fczs\u00fcz kaplamas\u0131, her t\u00fcrl\u00fc i\u00e7 mekanda kullan\u0131lmak \u00fczere \u00e7a\u011fda\u015f bir g\u00f6r\u00fcn\u00fcm kazand\u0131r\u0131r.<\/p>\n<h2>\u00dcr\u00fcn \u00d6zellikleri<\/h2>\n<ul>\n<li><strong>Benzersiz \u015eekil:<\/strong> D\u00fczensiz, d\u00fcz kare tasar\u0131m, yenilik\u00e7i, benzersiz ve dekoratiftir.<\/li>\n<li><strong>Kavisli \u015eekil Derinlik Kat\u0131yor:<\/strong> \u0130\u00e7b\u00fckey tasar\u0131m\u0131 g\u00f6lgeler ve hareket yarat\u0131r. Benzersiz kam\u0131\u015f aromaterapi \u015fi\u015feniz d\u00fczl\u00fck de\u011fil, hareket yayar.<\/li>\n<li><strong>Minimalist Stil:<\/strong> Gereksiz s\u00fcslemelerden uzak, minimalist tasar\u0131m, her t\u00fcrl\u00fc ev veya ofis ortam\u0131na uyum sa\u011flar.<\/li>\n<\/ul>\n<h2>Kalabal\u0131k Bir Rafta Bir Markan\u0131n Nas\u0131l \u00d6ne \u00c7\u0131kt\u0131\u011f\u0131<\/h2>\n<p>Ev kokular\u0131 alan\u0131nda \u00f6nde gelen markalardan biri, 100 ml&#039;lik benzersiz kam\u0131\u015fl\u0131 dif\u00fcz\u00f6r \u015fi\u015felerimizi kullanmaya ve \u00e7e\u015fitli \u00f6zel isteklerde bulunmaya karar verdi. Daha kal\u0131n ve dokunmas\u0131 daha kolay olan masif cam\u0131 tercih ettiler ve \u015firket logolar\u0131n\u0131 mat beyaz bir y\u00fczeyde \u015fi\u015fenin \u00fczerine serigrafi bask\u0131 y\u00f6ntemiyle bast\u0131rd\u0131lar. Ayr\u0131ca, marka sloganlar\u0131 da kaz\u0131narak onlara tam bir birlik ve kalite duygusu kazand\u0131rd\u0131.<\/p>\n<p>Ki\u015fiselle\u015ftirilmi\u015f parf\u00fcm setinin piyasaya s\u00fcr\u00fclmesinin ard\u0131ndan, ilk ve ikinci \u00e7eyrekte ortalama perakende fiyat\u0131n\u0131n kabul oran\u0131 y\u00fczde 38 olurken, hediye seti sipari\u015fleri y\u00fczde 41 artt\u0131. M\u00fc\u015fteri, piyasaya s\u00fcr\u00fclecek di\u011fer mevsimlik \u00fcr\u00fcnler i\u00e7in de b\u00fcy\u00fck sipari\u015fler vermeye devam ediyor.<\/p>\n<h2>\u00d6zelle\u015ftirilmi\u015f \u00f6neriler<\/h2>\n<p>Bu 100 ml dif\u00fcz\u00f6r \u015fi\u015fesiyle ba\u015flay\u0131n. Sonra onu unutulmaz k\u0131l\u0131n - do\u011frudan barda\u011f\u0131n i\u00e7inde.<\/p>\n<ul>\n<li>\u0130\u00e7e do\u011fru k\u0131vr\u0131m\u0131 ayarlay\u0131n - Dramatik bir g\u00f6r\u00fcn\u00fcm i\u00e7in daha derin veya incelik i\u00e7in daha d\u00fcz yap\u0131n.<\/li>\n<li>Dokulu bir y\u00fczey ekleyin - Matl\u0131k i\u00e7in kumlama yap\u0131n. Veya tutu\u015f ve stil i\u00e7in k\u00fc\u00e7\u00fck noktalar ekleyin.<\/li>\n<li>Logonuzu kabart\u0131n \u2013 Yan tarafa bast\u0131r\u0131n. Kal\u0131c\u0131. Profesyonel. Sade.<\/li>\n<\/ul>\n<p>Dolay\u0131s\u0131yla, taze hissettiren ve h\u0131zl\u0131 sat\u0131lan 100 ml&#039;lik dif\u00fcz\u00f6r \u015fi\u015feleri ar\u0131yorsan\u0131z, bu cam dif\u00fcz\u00f6r \u015fi\u015fesi sizin i\u00e7in ak\u0131ll\u0131ca bir se\u00e7im olacakt\u0131r.<\/p>","protected":false},"excerpt":{"rendered":"<p>Benzersiz kam\u0131\u015f dif\u00fcz\u00f6r \u015fi\u015feleri ve 100 ml dif\u00fcz\u00f6r \u015fi\u015fesi. D\u00fczensiz d\u00fcz kare tasar\u0131m, toplu tedarik, \u00f6zelle\u015ftirilebilir, parf\u00fcm markalar\u0131 i\u00e7in \u00fccretsiz numuneler.<\/p>","protected":false},"featured_media":4605,"template":"","meta":{"site-sidebar-layout":"default","site-content-layout":"","ast-site-content-layout":"default","site-content-style":"default","site-sidebar-style":"default","ast-global-header-display":"","ast-banner-title-visibility":"","ast-main-header-display":"","ast-hfb-above-header-display":"","ast-hfb-below-header-display":"","ast-hfb-mobile-header-display":"","site-post-title":"","ast-breadcrumbs-content":"","ast-featured-img":"","footer-sml-layout":"","theme-transparent-header-meta":"default","adv-header-id-meta":"","stick-header-meta":"","header-above-stick-meta":"","header-main-stick-meta":"","header-below-stick-meta":"","astra-migrate-meta-layouts":"set","ast-page-background-enabled":"default","ast-page-background-meta":{"desktop":{"background-color":"var(--ast-global-color-5)","background-image":"","background-repeat":"repeat","background-position":"center center","background-size":"auto","background-attachment":"scroll","background-type":"","background-media":"","overlay-type":"","overlay-color":"","overlay-opacity":"","overlay-gradient":""},"tablet":{"background-color":"","background-image":"","background-repeat":"repeat","background-position":"center center","background-size":"auto","background-attachment":"scroll","background-type":"","background-media":"","overlay-type":"","overlay-color":"","overlay-opacity":"","overlay-gradient":""},"mobile":{"background-color":"","background-image":"","background-repeat":"repeat","background-position":"center center","background-size":"auto","background-attachment":"scroll","background-type":"","background-media":"","overlay-type":"","overlay-color":"","overlay-opacity":"","overlay-gradient":""}},"ast-content-background-meta":{"desktop":{"background-color":"var(--ast-global-color-4)","background-image":"","background-repeat":"repeat","background-position":"center center","background-size":"auto","background-attachment":"scroll","background-type":"","background-media":"","overlay-type":"","overlay-color":"","overlay-opacity":"","overlay-gradient":""},"tablet":{"background-color":"var(--ast-global-color-4)","background-image":"","background-repeat":"repeat","background-position":"center center","background-size":"auto","background-attachment":"scroll","background-type":"","background-media":"","overlay-type":"","overlay-color":"","overlay-opacity":"","overlay-gradient":""},"mobile":{"background-color":"var(--ast-global-color-4)","background-image":"","background-repeat":"repeat","background-position":"center center","background-size":"auto","background-attachment":"scroll","background-type":"","background-media":"","overlay-type":"","overlay-color":"","overlay-opacity":"","overlay-gradient":""}}},"product_brand":[],"product_cat":[54],"product_tag":[],"class_list":{"0":"post-993","1":"product","2":"type-product","3":"status-publish","4":"has-post-thumbnail","6":"product_cat-reed-diffuser-bottles","7":"desktop-align-left","8":"tablet-align-left","9":"mobile-align-left","11":"first","12":"instock","13":"shipping-taxable","14":"product-type-simple"},"jetpack_sharing_enabled":true,"_links":{"self":[{"href":"https:\/\/mostebglass.com\/tr\/wp-json\/wp\/v2\/product\/993","targetHints":{"allow":["GET"]}}],"collection":[{"href":"https:\/\/mostebglass.com\/tr\/wp-json\/wp\/v2\/product"}],"about":[{"href":"https:\/\/mostebglass.com\/tr\/wp-json\/wp\/v2\/types\/product"}],"wp:featuredmedia":[{"embeddable":true,"href":"https:\/\/mostebglass.com\/tr\/wp-json\/wp\/v2\/media\/4605"}],"wp:attachment":[{"href":"https:\/\/mostebglass.com\/tr\/wp-json\/wp\/v2\/media?parent=993"}],"wp:term":[{"taxonomy":"product_brand","embeddable":true,"href":"https:\/\/mostebglass.com\/tr\/wp-json\/wp\/v2\/product_brand?post=993"},{"taxonomy":"product_cat","embeddable":true,"href":"https:\/\/mostebglass.com\/tr\/wp-json\/wp\/v2\/product_cat?post=993"},{"taxonomy":"product_tag","embeddable":true,"href":"https:\/\/mostebglass.com\/tr\/wp-json\/wp\/v2\/product_tag?post=993"}],"curies":[{"name":"wp","href":"https:\/\/api.w.org\/{rel}","templated":true}]}}